{"id":6451,"date":"2021-05-10T18:01:27","date_gmt":"2021-05-10T18:01:27","guid":{"rendered":"https:\/\/www.venavitae.com\/?post_type=product&#038;p=6451"},"modified":"2022-01-13T07:56:27","modified_gmt":"2022-01-13T07:56:27","slug":"natural-growth","status":"publish","type":"product","link":"https:\/\/www.venavitae.com\/de\/onze-producten\/natural-growth\/","title":{"rendered":"Natural Growth"},"content":{"rendered":"<p>Die Anwendung von Natural Growth tr\u00e4gt somit zur Regeneration des Bodens bei. Dies f\u00fchrt zu einem besseren Feuchtigkeitsmanagement und zu einer Erh\u00f6hung der Wasserpufferkapazit\u00e4t des Bodens. Dadurch wird die Trockenheitstoleranz der Pflanzen deutlich erh\u00f6ht.<\/p>\n<p>H\u00e4ufige, wiederholte Spritzungen mit Natural Growth tragen zu einer aktiveren und st\u00e4rkeren Photosynthese bei, schalten die Pflanzenrezeptoren ein und reduzieren den Druck von Pilzkrankheiten erheblich.<\/p>\n<p>Dar\u00fcber hinaus tr\u00e4gt Natural Growth zu einer aktiven Umverteilung des Zuckers in der Pflanze bei, so dass am Ende des Tages der Zuckerspiegel im Kopf der Pflanze schnell und effektiv gesenkt wird, was die Pflanze f\u00fcr Sch\u00e4dlinge wie Blattl\u00e4use, Wei\u00dfe Fliegen und Thripse deutlich weniger attraktiv macht.<\/p>\n<p>Biologische Bek\u00e4mpfungsmittel hingegen scheinen sich durch dieses Produkt viel st\u00e4rker zu entwickeln und sich leicht in der Pflanze zu vermehren.<\/p>\n<p>Die Behandlung des Saatguts mit unverd\u00fcnntem Natural Growth f\u00fchrt zu einer bemerkenswerten Steigerung der Keimgeschwindigkeit und des Keimungsprozentsatzes und sorgt f\u00fcr einen homogeneren Aufgang der Keimlinge und einen deutlich h\u00f6heren Trockensubstanzgehalt der Keimlinge.<\/p>","protected":false},"excerpt":{"rendered":"<p>Natural Growth ist ein fl\u00fcssiges, organisches Substrat voller Leben, das durch die<br \/>\nnat\u00fcrliche Umwandlung bestimmter Pflanzeninhaltsstoffe und als<br \/>\nDas homogenisierte Produkt tr\u00e4gt zu einem aktiveren Bodenleben bei. Durch nat\u00fcrliche<br \/>\nWachstum, die Menge der aktiven Schimmelpilze und Bakterien im<br \/>\nBoden erheblich. Dar\u00fcber hinaus kann auch ein klarer symbiotischer Effekt festgestellt werden<br \/>\nzwischen den von der Pflanze ausgeschiedenen Wurzelexsudaten und dem<br \/>\nMikrobiom.<\/p>","protected":false},"featured_media":14009,"template":"elementor_header_footer","meta":{"_jet_sm_ready_style":"","_jet_sm_style":"","_jet_sm_controls_values":"","_jet_sm_fonts_collection":"","_jet_sm_fonts_links":""},"product_brand":[],"product_cat":[391],"product_tag":[],"class_list":{"0":"post-6451","1":"product","2":"type-product","3":"status-publish","4":"has-post-thumbnail","6":"product_cat-plant-supplementen","8":"first","9":"instock","10":"featured","11":"taxable","12":"shipping-taxable","13":"purchasable","14":"product-type-variable","15":"has-default-attributes"},"yoast_head":"<!-- This site is optimized with the Yoast SEO plugin v27.2 - https:\/\/yoast.com\/product\/yoast-seo-wordpress\/ -->\n<title>Natural Growth - Vena Vitae<\/title>\n<meta name=\"description\" content=\"Certified organic and biological supplement to improve allocation of the plant&#039;s sugers to improve plague resistance as well as crop growth.\" \/>\n<meta name=\"robots\" content=\"index, follow, max-snippet:-1, max-image-preview:large, max-video-preview:-1\" \/>\n<link rel=\"canonical\" href=\"https:\/\/www.venavitae.com\/de\/onze-producten\/natural-growth\/\" \/>\n<meta property=\"og:locale\" content=\"de_DE\" \/>\n<meta property=\"og:type\" content=\"article\" \/>\n<meta property=\"og:title\" content=\"Natural Growth - Vena Vitae\" \/>\n<meta property=\"og:description\" content=\"Certified organic and biological supplement to improve allocation of the plant&#039;s sugers to improve plague resistance as well as crop growth.\" \/>\n<meta property=\"og:url\" content=\"https:\/\/www.venavitae.com\/de\/onze-producten\/natural-growth\/\" \/>\n<meta property=\"og:site_name\" content=\"Vena Vitae\" \/>\n<meta property=\"article:modified_time\" content=\"2022-01-13T07:56:27+00:00\" \/>\n<meta property=\"og:image\" content=\"https:\/\/www.venavitae.com\/wp-content\/uploads\/2021\/05\/Natural-Growth-20-LITER-etiket-1.png\" \/>\n\t<meta property=\"og:image:width\" content=\"800\" \/>\n\t<meta property=\"og:image:height\" content=\"800\" \/>\n\t<meta property=\"og:image:type\" content=\"image\/png\" \/>\n<meta name=\"twitter:card\" content=\"summary_large_image\" \/>\n<meta name=\"twitter:label1\" content=\"Gesch\u00e4tzte Lesezeit\" \/>\n\t<meta name=\"twitter:data1\" content=\"1\u00a0Minute\" \/>\n<script type=\"application\/ld+json\" class=\"yoast-schema-graph\">{\"@context\":\"https:\/\/schema.org\",\"@graph\":[{\"@type\":\"WebPage\",\"@id\":\"https:\/\/www.venavitae.com\/onze-producten\/natural-growth\/\",\"url\":\"https:\/\/www.venavitae.com\/onze-producten\/natural-growth\/\",\"name\":\"Natural Growth - Vena Vitae\",\"isPartOf\":{\"@id\":\"https:\/\/www.venavitae.com\/#website\"},\"primaryImageOfPage\":{\"@id\":\"https:\/\/www.venavitae.com\/onze-producten\/natural-growth\/#primaryimage\"},\"image\":{\"@id\":\"https:\/\/www.venavitae.com\/onze-producten\/natural-growth\/#primaryimage\"},\"thumbnailUrl\":\"https:\/\/www.venavitae.com\/wp-content\/uploads\/2021\/05\/Natural-Growth-20-LITER-etiket-1.png\",\"datePublished\":\"2021-05-10T18:01:27+00:00\",\"dateModified\":\"2022-01-13T07:56:27+00:00\",\"description\":\"Certified organic and biological supplement to improve allocation of the plant's sugers to improve plague resistance as well as crop growth.\",\"breadcrumb\":{\"@id\":\"https:\/\/www.venavitae.com\/onze-producten\/natural-growth\/#breadcrumb\"},\"inLanguage\":\"de\",\"potentialAction\":[{\"@type\":\"ReadAction\",\"target\":[\"https:\/\/www.venavitae.com\/onze-producten\/natural-growth\/\"]}]},{\"@type\":\"ImageObject\",\"inLanguage\":\"de\",\"@id\":\"https:\/\/www.venavitae.com\/onze-producten\/natural-growth\/#primaryimage\",\"url\":\"https:\/\/www.venavitae.com\/wp-content\/uploads\/2021\/05\/Natural-Growth-20-LITER-etiket-1.png\",\"contentUrl\":\"https:\/\/www.venavitae.com\/wp-content\/uploads\/2021\/05\/Natural-Growth-20-LITER-etiket-1.png\",\"width\":800,\"height\":800,\"caption\":\"Natural Growth 20 LITER etiket\"},{\"@type\":\"BreadcrumbList\",\"@id\":\"https:\/\/www.venavitae.com\/onze-producten\/natural-growth\/#breadcrumb\",\"itemListElement\":[{\"@type\":\"ListItem\",\"position\":1,\"name\":\"Home\",\"item\":\"https:\/\/www.venavitae.com\/\"},{\"@type\":\"ListItem\",\"position\":2,\"name\":\"FAQ\",\"item\":\"https:\/\/www.venavitae.com\/?page_id=5339\"},{\"@type\":\"ListItem\",\"position\":3,\"name\":\"Natural Growth\"}]},{\"@type\":\"WebSite\",\"@id\":\"https:\/\/www.venavitae.com\/#website\",\"url\":\"https:\/\/www.venavitae.com\/\",\"name\":\"Vena Vitae\",\"description\":\"Empowering Growth\",\"publisher\":{\"@id\":\"https:\/\/www.venavitae.com\/#organization\"},\"potentialAction\":[{\"@type\":\"SearchAction\",\"target\":{\"@type\":\"EntryPoint\",\"urlTemplate\":\"https:\/\/www.venavitae.com\/?s={search_term_string}\"},\"query-input\":{\"@type\":\"PropertyValueSpecification\",\"valueRequired\":true,\"valueName\":\"search_term_string\"}}],\"inLanguage\":\"de\"},{\"@type\":\"Organization\",\"@id\":\"https:\/\/www.venavitae.com\/#organization\",\"name\":\"Vena Vitae Benelux B.V.\",\"url\":\"https:\/\/www.venavitae.com\/\",\"logo\":{\"@type\":\"ImageObject\",\"inLanguage\":\"de\",\"@id\":\"https:\/\/www.venavitae.com\/#\/schema\/logo\/image\/\",\"url\":\"https:\/\/www.venavitae.com\/wp-content\/uploads\/2021\/08\/512x512.png\",\"contentUrl\":\"https:\/\/www.venavitae.com\/wp-content\/uploads\/2021\/08\/512x512.png\",\"width\":512,\"height\":512,\"caption\":\"Vena Vitae Benelux B.V.\"},\"image\":{\"@id\":\"https:\/\/www.venavitae.com\/#\/schema\/logo\/image\/\"}}]}<\/script>\n<!-- \/ Yoast SEO plugin. -->","yoast_head_json":{"title":"Nat\u00fcrliches Wachstum - Vena Vitae","description":"Zertifizierter organischer und biologischer Zusatz zur Verbesserung der Verteilung des Zuckers in der Pflanze, um die Widerstandsf\u00e4higkeit gegen Sch\u00e4dlinge und das Pflanzenwachstum zu verbessern.","robots":{"index":"index","follow":"follow","max-snippet":"max-snippet:-1","max-image-preview":"max-image-preview:large","max-video-preview":"max-video-preview:-1"},"canonical":"https:\/\/www.venavitae.com\/de\/onze-producten\/natural-growth\/","og_locale":"de_DE","og_type":"article","og_title":"Natural Growth - Vena Vitae","og_description":"Certified organic and biological supplement to improve allocation of the plant's sugers to improve plague resistance as well as crop growth.","og_url":"https:\/\/www.venavitae.com\/de\/onze-producten\/natural-growth\/","og_site_name":"Vena Vitae","article_modified_time":"2022-01-13T07:56:27+00:00","og_image":[{"width":800,"height":800,"url":"https:\/\/www.venavitae.com\/wp-content\/uploads\/2021\/05\/Natural-Growth-20-LITER-etiket-1.png","type":"image\/png"}],"twitter_card":"summary_large_image","twitter_misc":{"Gesch\u00e4tzte Lesezeit":"1\u00a0Minute"},"schema":{"@context":"https:\/\/schema.org","@graph":[{"@type":"WebPage","@id":"https:\/\/www.venavitae.com\/onze-producten\/natural-growth\/","url":"https:\/\/www.venavitae.com\/onze-producten\/natural-growth\/","name":"Nat\u00fcrliches Wachstum - Vena Vitae","isPartOf":{"@id":"https:\/\/www.venavitae.com\/#website"},"primaryImageOfPage":{"@id":"https:\/\/www.venavitae.com\/onze-producten\/natural-growth\/#primaryimage"},"image":{"@id":"https:\/\/www.venavitae.com\/onze-producten\/natural-growth\/#primaryimage"},"thumbnailUrl":"https:\/\/www.venavitae.com\/wp-content\/uploads\/2021\/05\/Natural-Growth-20-LITER-etiket-1.png","datePublished":"2021-05-10T18:01:27+00:00","dateModified":"2022-01-13T07:56:27+00:00","description":"Zertifizierter organischer und biologischer Zusatz zur Verbesserung der Verteilung des Zuckers in der Pflanze, um die Widerstandsf\u00e4higkeit gegen Sch\u00e4dlinge und das Pflanzenwachstum zu verbessern.","breadcrumb":{"@id":"https:\/\/www.venavitae.com\/onze-producten\/natural-growth\/#breadcrumb"},"inLanguage":"de","potentialAction":[{"@type":"ReadAction","target":["https:\/\/www.venavitae.com\/onze-producten\/natural-growth\/"]}]},{"@type":"ImageObject","inLanguage":"de","@id":"https:\/\/www.venavitae.com\/onze-producten\/natural-growth\/#primaryimage","url":"https:\/\/www.venavitae.com\/wp-content\/uploads\/2021\/05\/Natural-Growth-20-LITER-etiket-1.png","contentUrl":"https:\/\/www.venavitae.com\/wp-content\/uploads\/2021\/05\/Natural-Growth-20-LITER-etiket-1.png","width":800,"height":800,"caption":"Natural Growth 20 LITER etiket"},{"@type":"BreadcrumbList","@id":"https:\/\/www.venavitae.com\/onze-producten\/natural-growth\/#breadcrumb","itemListElement":[{"@type":"ListItem","position":1,"name":"Home","item":"https:\/\/www.venavitae.com\/"},{"@type":"ListItem","position":2,"name":"FAQ","item":"https:\/\/www.venavitae.com\/?page_id=5339"},{"@type":"ListItem","position":3,"name":"Natural Growth"}]},{"@type":"WebSite","@id":"https:\/\/www.venavitae.com\/#website","url":"https:\/\/www.venavitae.com\/","name":"Vena Vitae","description":"Empowering Growth","publisher":{"@id":"https:\/\/www.venavitae.com\/#organization"},"potentialAction":[{"@type":"SearchAction","target":{"@type":"EntryPoint","urlTemplate":"https:\/\/www.venavitae.com\/?s={search_term_string}"},"query-input":{"@type":"PropertyValueSpecification","valueRequired":true,"valueName":"search_term_string"}}],"inLanguage":"de"},{"@type":"Organization","@id":"https:\/\/www.venavitae.com\/#organization","name":"Vena Vitae Benelux B.V.","url":"https:\/\/www.venavitae.com\/","logo":{"@type":"ImageObject","inLanguage":"de","@id":"https:\/\/www.venavitae.com\/#\/schema\/logo\/image\/","url":"https:\/\/www.venavitae.com\/wp-content\/uploads\/2021\/08\/512x512.png","contentUrl":"https:\/\/www.venavitae.com\/wp-content\/uploads\/2021\/08\/512x512.png","width":512,"height":512,"caption":"Vena Vitae Benelux B.V."},"image":{"@id":"https:\/\/www.venavitae.com\/#\/schema\/logo\/image\/"}}]}},"_links":{"self":[{"href":"https:\/\/www.venavitae.com\/de\/wp-json\/wp\/v2\/product\/6451","targetHints":{"allow":["GET"]}}],"collection":[{"href":"https:\/\/www.venavitae.com\/de\/wp-json\/wp\/v2\/product"}],"about":[{"href":"https:\/\/www.venavitae.com\/de\/wp-json\/wp\/v2\/types\/product"}],"version-history":[{"count":0,"href":"https:\/\/www.venavitae.com\/de\/wp-json\/wp\/v2\/product\/6451\/revisions"}],"wp:featuredmedia":[{"embeddable":true,"href":"https:\/\/www.venavitae.com\/de\/wp-json\/wp\/v2\/media\/14009"}],"wp:attachment":[{"href":"https:\/\/www.venavitae.com\/de\/wp-json\/wp\/v2\/media?parent=6451"}],"wp:term":[{"taxonomy":"product_brand","embeddable":true,"href":"https:\/\/www.venavitae.com\/de\/wp-json\/wp\/v2\/product_brand?post=6451"},{"taxonomy":"product_cat","embeddable":true,"href":"https:\/\/www.venavitae.com\/de\/wp-json\/wp\/v2\/product_cat?post=6451"},{"taxonomy":"product_tag","embeddable":true,"href":"https:\/\/www.venavitae.com\/de\/wp-json\/wp\/v2\/product_tag?post=6451"}],"curies":[{"name":"wp","href":"https:\/\/api.w.org\/{rel}","templated":true}]}}