{"id":12959,"date":"2021-12-13T09:35:56","date_gmt":"2021-12-13T09:35:56","guid":{"rendered":"https:\/\/www.venavitae.com\/?page_id=12959"},"modified":"2022-06-01T12:35:14","modified_gmt":"2022-06-01T12:35:14","slug":"onze-producten","status":"publish","type":"page","link":"https:\/\/www.venavitae.com\/es\/onze-producten\/","title":{"rendered":"Nuestros productos"},"content":{"rendered":"<div data-elementor-type=\"wp-page\" data-elementor-id=\"12959\" class=\"elementor elementor-12959\">\n\t\t\t\t\t\t<section class=\"elementor-section elementor-top-section elementor-element elementor-element-01e84bd elementor-section-stretched elementor-section-content-middle elementor-section-height-min-height elementor-section-boxed elementor-section-height-default elementor-section-items-middle\" data-id=\"01e84bd\" data-element_type=\"section\" data-e-type=\"section\" data-settings=\"{&quot;stretch_section&quot;:&quot;section-stretched&quot;,&quot;background_background&quot;:&quot;classic&quot;}\">\n\t\t\t\t\t\t<div class=\"elementor-container elementor-column-gap-default\">\n\t\t\t\t\t<div class=\"elementor-column elementor-col-100 elementor-top-column elementor-element elementor-element-89ca9ae\" data-id=\"89ca9ae\" data-element_type=\"column\" data-e-type=\"column\">\n\t\t\t<div class=\"elementor-widget-wrap elementor-element-populated\">\n\t\t\t\t\t\t<div class=\"elementor-element elementor-element-79d28d4 elementor-widget elementor-widget-heading\" data-id=\"79d28d4\" data-element_type=\"widget\" data-e-type=\"widget\" data-widget_type=\"heading.default\">\n\t\t\t\t<div class=\"elementor-widget-container\">\n\t\t\t\t\t<h2 class=\"elementor-heading-title elementor-size-default\">Nuestros productos<\/h2>\t\t\t\t<\/div>\n\t\t\t\t<\/div>\n\t\t\t\t\t<\/div>\n\t\t<\/div>\n\t\t\t\t\t<\/div>\n\t\t<\/section>\n\t\t\t\t<section class=\"elementor-section elementor-top-section elementor-element elementor-element-bfe022d elementor-section-stretched elementor-section-boxed elementor-section-height-default elementor-section-height-default elementor-invisible\" data-id=\"bfe022d\" data-element_type=\"section\" data-e-type=\"section\" data-settings=\"{&quot;stretch_section&quot;:&quot;section-stretched&quot;,&quot;animation&quot;:&quot;fadeInRight&quot;}\">\n\t\t\t\t\t\t<div class=\"elementor-container elementor-column-gap-default\">\n\t\t\t\t\t<div class=\"elementor-column elementor-col-100 elementor-top-column elementor-element elementor-element-40b09c7\" data-id=\"40b09c7\" data-element_type=\"column\" data-e-type=\"column\" data-settings=\"{&quot;background_background&quot;:&quot;classic&quot;}\">\n\t\t\t<div class=\"elementor-widget-wrap elementor-element-populated\">\n\t\t\t\t\t\t<section class=\"elementor-section elementor-inner-section elementor-element elementor-element-a5f6cab elementor-section-boxed elementor-section-height-default elementor-section-height-default\" data-id=\"a5f6cab\" data-element_type=\"section\" data-e-type=\"section\">\n\t\t\t\t\t\t<div class=\"elementor-container elementor-column-gap-default\">\n\t\t\t\t\t<div class=\"elementor-column elementor-col-50 elementor-inner-column elementor-element elementor-element-6d81f31 elementor-hidden-tablet\" data-id=\"6d81f31\" data-element_type=\"column\" data-e-type=\"column\">\n\t\t\t<div class=\"elementor-widget-wrap elementor-element-populated\">\n\t\t\t\t\t\t<div class=\"elementor-element elementor-element-c7f75e1 elementor-widget elementor-widget-image\" data-id=\"c7f75e1\" data-element_type=\"widget\" data-e-type=\"widget\" data-widget_type=\"image.default\">\n\t\t\t\t<div class=\"elementor-widget-container\">\n\t\t\t\t\t\t\t\t\t\t\t\t\t\t\t\t<a href=\"https:\/\/www.venavitae.com\/es\/onze-producten\/natural-growth\/\">\n\t\t\t\t\t\t\t<img fetchpriority=\"high\" decoding=\"async\" width=\"800\" height=\"800\" src=\"https:\/\/www.venavitae.com\/wp-content\/uploads\/2021\/12\/Natural-Growth-20-LITER-etiket.png\" class=\"attachment-large size-large wp-image-13329\" alt=\"Etiqueta Crecimiento Natural 20 LITROS\" srcset=\"https:\/\/www.venavitae.com\/wp-content\/uploads\/2021\/12\/Natural-Growth-20-LITER-etiket.png 800w, https:\/\/www.venavitae.com\/wp-content\/uploads\/2021\/12\/Natural-Growth-20-LITER-etiket-300x300.png 300w, https:\/\/www.venavitae.com\/wp-content\/uploads\/2021\/12\/Natural-Growth-20-LITER-etiket-150x150.png 150w, https:\/\/www.venavitae.com\/wp-content\/uploads\/2021\/12\/Natural-Growth-20-LITER-etiket-768x768.png 768w, https:\/\/www.venavitae.com\/wp-content\/uploads\/2021\/12\/Natural-Growth-20-LITER-etiket-600x600.png 600w, https:\/\/www.venavitae.com\/wp-content\/uploads\/2021\/12\/Natural-Growth-20-LITER-etiket-100x100.png 100w\" sizes=\"(max-width: 800px) 100vw, 800px\" \/>\t\t\t\t\t\t\t\t<\/a>\n\t\t\t\t\t\t\t\t\t\t\t\t\t\t\t<\/div>\n\t\t\t\t<\/div>\n\t\t\t\t\t<\/div>\n\t\t<\/div>\n\t\t\t\t<div class=\"elementor-column elementor-col-50 elementor-inner-column elementor-element elementor-element-ad27060\" data-id=\"ad27060\" data-element_type=\"column\" data-e-type=\"column\">\n\t\t\t<div class=\"elementor-widget-wrap elementor-element-populated\">\n\t\t\t\t\t\t<div class=\"elementor-element elementor-element-301624b elementor-widget elementor-widget-heading\" data-id=\"301624b\" data-element_type=\"widget\" data-e-type=\"widget\" data-widget_type=\"heading.default\">\n\t\t\t\t<div class=\"elementor-widget-container\">\n\t\t\t\t\t<h1 class=\"elementor-heading-title elementor-size-default\"><a href=\"https:\/\/www.venavitae.com\/es\/onze-producten\/natural-growth\/\">Natural Growth<\/a><\/h1>\t\t\t\t<\/div>\n\t\t\t\t<\/div>\n\t\t\t\t<div class=\"elementor-element elementor-element-c49955b elementor-widget elementor-widget-heading\" data-id=\"c49955b\" data-element_type=\"widget\" data-e-type=\"widget\" data-widget_type=\"heading.default\">\n\t\t\t\t<div class=\"elementor-widget-container\">\n\t\t\t\t\t<h2 class=\"elementor-heading-title elementor-size-default\">Biol\u00f3gico Aprobado<\/h2>\t\t\t\t<\/div>\n\t\t\t\t<\/div>\n\t\t\t\t<div class=\"elementor-element elementor-element-c4c714b elementor-widget elementor-widget-text-editor\" data-id=\"c4c714b\" data-element_type=\"widget\" data-e-type=\"widget\" data-widget_type=\"text-editor.default\">\n\t\t\t\t<div class=\"elementor-widget-container\">\n\t\t\t\t\t\t\t\t\t<p>El Crecimiento Natural es un sustrato org\u00e1nico l\u00edquido lleno de vida, creado por la<br \/>transformaci\u00f3n natural de ciertos componentes de las plantas y que como<br \/>El producto homogeneizado contribuye a una vida m\u00e1s activa del suelo. A trav\u00e9s de la naturaleza<br \/>El crecimiento, la cantidad de mohos y bacterias activas en el<br \/>suelo considerablemente. Adem\u00e1s, tambi\u00e9n se puede observar un claro efecto simbi\u00f3tico<br \/>observado entre los exudados de la ra\u00edz excretados por la planta y el<br \/>microbioma.<\/p>\t\t\t\t\t\t\t\t<\/div>\n\t\t\t\t<\/div>\n\t\t\t\t<div class=\"elementor-element elementor-element-d314ce4 elementor-align-center elementor-widget elementor-widget-button\" data-id=\"d314ce4\" data-element_type=\"widget\" data-e-type=\"widget\" data-widget_type=\"button.default\">\n\t\t\t\t<div class=\"elementor-widget-container\">\n\t\t\t\t\t\t\t\t\t<div class=\"elementor-button-wrapper\">\n\t\t\t\t\t<a class=\"elementor-button elementor-button-link elementor-size-sm\" href=\"https:\/\/www.venavitae.com\/es\/onze-producten\/natural-growth\/\">\n\t\t\t\t\t\t<span class=\"elementor-button-content-wrapper\">\n\t\t\t\t\t\t\t\t\t<span class=\"elementor-button-text\">M\u00e1s informaci\u00f3n<\/span>\n\t\t\t\t\t<\/span>\n\t\t\t\t\t<\/a>\n\t\t\t\t<\/div>\n\t\t\t\t\t\t\t\t<\/div>\n\t\t\t\t<\/div>\n\t\t\t\t\t<\/div>\n\t\t<\/div>\n\t\t\t\t\t<\/div>\n\t\t<\/section>\n\t\t\t\t\t<\/div>\n\t\t<\/div>\n\t\t\t\t\t<\/div>\n\t\t<\/section>\n\t\t\t\t<section class=\"elementor-section elementor-top-section elementor-element elementor-element-c0848c5 elementor-section-stretched elementor-section-boxed elementor-section-height-default elementor-section-height-default elementor-invisible\" data-id=\"c0848c5\" data-element_type=\"section\" data-e-type=\"section\" data-settings=\"{&quot;stretch_section&quot;:&quot;section-stretched&quot;,&quot;animation&quot;:&quot;fadeInLeft&quot;}\">\n\t\t\t\t\t\t<div class=\"elementor-container elementor-column-gap-default\">\n\t\t\t\t\t<div class=\"elementor-column elementor-col-100 elementor-top-column elementor-element elementor-element-d177d47\" data-id=\"d177d47\" data-element_type=\"column\" data-e-type=\"column\">\n\t\t\t<div class=\"elementor-widget-wrap elementor-element-populated\">\n\t\t\t\t\t\t<section class=\"elementor-section elementor-inner-section elementor-element elementor-element-b5e7774 elementor-section-boxed elementor-section-height-default elementor-section-height-default\" data-id=\"b5e7774\" data-element_type=\"section\" data-e-type=\"section\">\n\t\t\t\t\t\t<div class=\"elementor-container elementor-column-gap-default\">\n\t\t\t\t\t<div class=\"elementor-column elementor-col-50 elementor-inner-column elementor-element elementor-element-5a2a887 elementor-hidden-tablet\" data-id=\"5a2a887\" data-element_type=\"column\" data-e-type=\"column\">\n\t\t\t<div class=\"elementor-widget-wrap elementor-element-populated\">\n\t\t\t\t\t\t<div class=\"elementor-element elementor-element-e95d960 elementor-widget elementor-widget-image\" data-id=\"e95d960\" data-element_type=\"widget\" data-e-type=\"widget\" data-widget_type=\"image.default\">\n\t\t\t\t<div class=\"elementor-widget-container\">\n\t\t\t\t\t\t\t\t\t\t\t\t\t\t\t\t<a href=\"https:\/\/www.venavitae.com\/es\/onze-producten\/carbohumic\/\">\n\t\t\t\t\t\t\t<img decoding=\"async\" width=\"800\" height=\"800\" src=\"https:\/\/www.venavitae.com\/wp-content\/uploads\/2021\/12\/CARBOHUMIC-20-LITER-nieuw-etiket.png\" class=\"attachment-large size-large wp-image-13321\" alt=\"\" srcset=\"https:\/\/www.venavitae.com\/wp-content\/uploads\/2021\/12\/CARBOHUMIC-20-LITER-nieuw-etiket.png 800w, https:\/\/www.venavitae.com\/wp-content\/uploads\/2021\/12\/CARBOHUMIC-20-LITER-nieuw-etiket-300x300.png 300w, https:\/\/www.venavitae.com\/wp-content\/uploads\/2021\/12\/CARBOHUMIC-20-LITER-nieuw-etiket-150x150.png 150w, https:\/\/www.venavitae.com\/wp-content\/uploads\/2021\/12\/CARBOHUMIC-20-LITER-nieuw-etiket-768x768.png 768w, https:\/\/www.venavitae.com\/wp-content\/uploads\/2021\/12\/CARBOHUMIC-20-LITER-nieuw-etiket-600x600.png 600w, https:\/\/www.venavitae.com\/wp-content\/uploads\/2021\/12\/CARBOHUMIC-20-LITER-nieuw-etiket-100x100.png 100w\" sizes=\"(max-width: 800px) 100vw, 800px\" \/>\t\t\t\t\t\t\t\t<\/a>\n\t\t\t\t\t\t\t\t\t\t\t\t\t\t\t<\/div>\n\t\t\t\t<\/div>\n\t\t\t\t\t<\/div>\n\t\t<\/div>\n\t\t\t\t<div class=\"elementor-column elementor-col-50 elementor-inner-column elementor-element elementor-element-ea20ceb\" data-id=\"ea20ceb\" data-element_type=\"column\" data-e-type=\"column\">\n\t\t\t<div class=\"elementor-widget-wrap elementor-element-populated\">\n\t\t\t\t\t\t<div class=\"elementor-element elementor-element-c56cd98 elementor-widget elementor-widget-heading\" data-id=\"c56cd98\" data-element_type=\"widget\" data-e-type=\"widget\" data-widget_type=\"heading.default\">\n\t\t\t\t<div class=\"elementor-widget-container\">\n\t\t\t\t\t<h1 class=\"elementor-heading-title elementor-size-default\"><a href=\"https:\/\/www.venavitae.com\/es\/onze-producten\/carbohumic\/\">CarboHumic<\/a><\/h1>\t\t\t\t<\/div>\n\t\t\t\t<\/div>\n\t\t\t\t<div class=\"elementor-element elementor-element-4d303a6 elementor-widget elementor-widget-heading\" data-id=\"4d303a6\" data-element_type=\"widget\" data-e-type=\"widget\" data-widget_type=\"heading.default\">\n\t\t\t\t<div class=\"elementor-widget-container\">\n\t\t\t\t\t<h2 class=\"elementor-heading-title elementor-size-default\">Biol\u00f3gico Aprobado<\/h2>\t\t\t\t<\/div>\n\t\t\t\t<\/div>\n\t\t\t\t<div class=\"elementor-element elementor-element-23c8381 elementor-widget elementor-widget-text-editor\" data-id=\"23c8381\" data-element_type=\"widget\" data-e-type=\"widget\" data-widget_type=\"text-editor.default\">\n\t\t\t\t<div class=\"elementor-widget-container\">\n\t\t\t\t\t\t\t\t\t<p><span style=\"font-family: 'Arial','sans-serif'; color: #3e3e3e;\">CARBOHUMIC es un extracto h\u00famico denso obtenido del lignito. La materia org\u00e1nica del preparado existe en forma l\u00edquida (\u00e1cidos h\u00famicos, huminas) y en forma s\u00f3lida (carb\u00f3n activo, biochar).<\/span><\/p>\t\t\t\t\t\t\t\t<\/div>\n\t\t\t\t<\/div>\n\t\t\t\t<div class=\"elementor-element elementor-element-f154de2 elementor-align-center elementor-widget elementor-widget-button\" data-id=\"f154de2\" data-element_type=\"widget\" data-e-type=\"widget\" data-widget_type=\"button.default\">\n\t\t\t\t<div class=\"elementor-widget-container\">\n\t\t\t\t\t\t\t\t\t<div class=\"elementor-button-wrapper\">\n\t\t\t\t\t<a class=\"elementor-button elementor-button-link elementor-size-sm\" href=\"https:\/\/www.venavitae.com\/es\/onze-producten\/carbohumic\/\">\n\t\t\t\t\t\t<span class=\"elementor-button-content-wrapper\">\n\t\t\t\t\t\t\t\t\t<span class=\"elementor-button-text\">M\u00e1s informaci\u00f3n<\/span>\n\t\t\t\t\t<\/span>\n\t\t\t\t\t<\/a>\n\t\t\t\t<\/div>\n\t\t\t\t\t\t\t\t<\/div>\n\t\t\t\t<\/div>\n\t\t\t\t\t<\/div>\n\t\t<\/div>\n\t\t\t\t\t<\/div>\n\t\t<\/section>\n\t\t\t\t\t<\/div>\n\t\t<\/div>\n\t\t\t\t\t<\/div>\n\t\t<\/section>\n\t\t\t\t<section class=\"elementor-section elementor-top-section elementor-element elementor-element-8785a7c elementor-section-stretched elementor-section-boxed elementor-section-height-default elementor-section-height-default\" data-id=\"8785a7c\" data-element_type=\"section\" data-e-type=\"section\" data-settings=\"{&quot;stretch_section&quot;:&quot;section-stretched&quot;}\">\n\t\t\t\t\t\t<div class=\"elementor-container elementor-column-gap-default\">\n\t\t\t\t\t<div class=\"elementor-column elementor-col-100 elementor-top-column elementor-element elementor-element-8ee10ec\" data-id=\"8ee10ec\" data-element_type=\"column\" data-e-type=\"column\" data-settings=\"{&quot;background_background&quot;:&quot;classic&quot;}\">\n\t\t\t<div class=\"elementor-widget-wrap elementor-element-populated\">\n\t\t\t\t\t\t<section class=\"elementor-section elementor-inner-section elementor-element elementor-element-74f5d4b elementor-section-boxed elementor-section-height-default elementor-section-height-default\" data-id=\"74f5d4b\" data-element_type=\"section\" data-e-type=\"section\">\n\t\t\t\t\t\t<div class=\"elementor-container elementor-column-gap-default\">\n\t\t\t\t\t<div class=\"elementor-column elementor-col-50 elementor-inner-column elementor-element elementor-element-3f461db elementor-hidden-tablet\" data-id=\"3f461db\" data-element_type=\"column\" data-e-type=\"column\">\n\t\t\t<div class=\"elementor-widget-wrap elementor-element-populated\">\n\t\t\t\t\t\t<div class=\"elementor-element elementor-element-356482f elementor-widget elementor-widget-image\" data-id=\"356482f\" data-element_type=\"widget\" data-e-type=\"widget\" data-widget_type=\"image.default\">\n\t\t\t\t<div class=\"elementor-widget-container\">\n\t\t\t\t\t\t\t\t\t\t\t\t\t\t\t\t<a href=\"https:\/\/www.venavitae.com\/es\/carbomat\/\">\n\t\t\t\t\t\t\t<img decoding=\"async\" width=\"714\" height=\"775\" src=\"https:\/\/www.venavitae.com\/wp-content\/uploads\/2021\/12\/Carbomat-1000-Liter-1500-Liter.jpg\" class=\"attachment-large size-large wp-image-12883\" alt=\"\" srcset=\"https:\/\/www.venavitae.com\/wp-content\/uploads\/2021\/12\/Carbomat-1000-Liter-1500-Liter.jpg 714w, https:\/\/www.venavitae.com\/wp-content\/uploads\/2021\/12\/Carbomat-1000-Liter-1500-Liter-600x651.jpg 600w\" sizes=\"(max-width: 714px) 100vw, 714px\" \/>\t\t\t\t\t\t\t\t<\/a>\n\t\t\t\t\t\t\t\t\t\t\t\t\t\t\t<\/div>\n\t\t\t\t<\/div>\n\t\t\t\t\t<\/div>\n\t\t<\/div>\n\t\t\t\t<div class=\"elementor-column elementor-col-50 elementor-inner-column elementor-element elementor-element-baa0b16\" data-id=\"baa0b16\" data-element_type=\"column\" data-e-type=\"column\">\n\t\t\t<div class=\"elementor-widget-wrap elementor-element-populated\">\n\t\t\t\t\t\t<div class=\"elementor-element elementor-element-3a80b36 elementor-widget elementor-widget-heading\" data-id=\"3a80b36\" data-element_type=\"widget\" data-e-type=\"widget\" data-widget_type=\"heading.default\">\n\t\t\t\t<div class=\"elementor-widget-container\">\n\t\t\t\t\t<h2 class=\"elementor-heading-title elementor-size-default\"><a href=\"https:\/\/www.venavitae.com\/es\/carbomat\/\">CarboMat<\/a><\/h2>\t\t\t\t<\/div>\n\t\t\t\t<\/div>\n\t\t\t\t<div class=\"elementor-element elementor-element-18fc7d3 elementor-widget elementor-widget-text-editor\" data-id=\"18fc7d3\" data-element_type=\"widget\" data-e-type=\"widget\" data-widget_type=\"text-editor.default\">\n\t\t\t\t<div class=\"elementor-widget-container\">\n\t\t\t\t\t\t\t\t\t<p>El carbomat es un sustrato que contiene la base de una buena biodiversidad del suelo.\u00a0<\/p>\t\t\t\t\t\t\t\t<\/div>\n\t\t\t\t<\/div>\n\t\t\t\t\t<\/div>\n\t\t<\/div>\n\t\t\t\t\t<\/div>\n\t\t<\/section>\n\t\t\t\t\t<\/div>\n\t\t<\/div>\n\t\t\t\t\t<\/div>\n\t\t<\/section>\n\t\t\t\t<section class=\"elementor-section elementor-top-section elementor-element elementor-element-2bab390 elementor-section-stretched elementor-section-content-middle elementor-section-height-min-height elementor-hidden-mobile elementor-section-boxed elementor-section-height-default elementor-section-items-middle\" data-id=\"2bab390\" data-element_type=\"section\" data-e-type=\"section\" data-settings=\"{&quot;stretch_section&quot;:&quot;section-stretched&quot;,&quot;background_background&quot;:&quot;classic&quot;}\">\n\t\t\t\t\t\t<div class=\"elementor-container elementor-column-gap-default\">\n\t\t\t\t\t<div class=\"elementor-column elementor-col-100 elementor-top-column elementor-element elementor-element-46bf857\" data-id=\"46bf857\" data-element_type=\"column\" data-e-type=\"column\">\n\t\t\t<div class=\"elementor-widget-wrap\">\n\t\t\t\t\t\t\t<\/div>\n\t\t<\/div>\n\t\t\t\t\t<\/div>\n\t\t<\/section>\n\t\t\t\t<\/div>","protected":false},"excerpt":{"rendered":"<p>Onze Producten Natural Growth Biologisch Toegelaten Natural Growth is een vloeibaar organisch substraat vol leven, dat ontstaat door denatuurlijke omzetting van bepaalde plantenbestanddelen en dat alsgehomogeniseerd product bijdraagt aan een actiever bodemleven. Door NaturalGrowth toe te passen, neemt de hoeveelheid actieve schimmels en bacteri\u00ebn in debodem aanzienlijk toe. Bovendien kan er ook een duidelijk symbiotisch [&hellip;]<\/p>\n","protected":false},"author":1,"featured_media":0,"parent":0,"menu_order":0,"comment_status":"closed","ping_status":"closed","template":"","meta":{"_jet_sm_ready_style":"","_jet_sm_style":"","_jet_sm_controls_values":"","_jet_sm_fonts_collection":"","_jet_sm_fonts_links":"","footnotes":""},"class_list":["post-12959","page","type-page","status-publish","hentry"],"yoast_head":"<!-- This site is optimized with the Yoast SEO plugin v27.2 - https:\/\/yoast.com\/product\/yoast-seo-wordpress\/ -->\n<title>Onze Producten - Vena Vitae<\/title>\n<meta name=\"robots\" content=\"index, follow, max-snippet:-1, max-image-preview:large, max-video-preview:-1\" \/>\n<link rel=\"canonical\" href=\"https:\/\/www.venavitae.com\/es\/onze-producten\/\" \/>\n<meta property=\"og:locale\" content=\"es_ES\" \/>\n<meta property=\"og:type\" content=\"article\" \/>\n<meta property=\"og:title\" content=\"Onze Producten - Vena Vitae\" \/>\n<meta property=\"og:description\" content=\"Onze Producten Natural Growth Biologisch Toegelaten Natural Growth is een vloeibaar organisch substraat vol leven, dat ontstaat door denatuurlijke omzetting van bepaalde plantenbestanddelen en dat alsgehomogeniseerd product bijdraagt aan een actiever bodemleven. Door NaturalGrowth toe te passen, neemt de hoeveelheid actieve schimmels en bacteri\u00ebn in debodem aanzienlijk toe. Bovendien kan er ook een duidelijk symbiotisch [&hellip;]\" \/>\n<meta property=\"og:url\" content=\"https:\/\/www.venavitae.com\/es\/onze-producten\/\" \/>\n<meta property=\"og:site_name\" content=\"Vena Vitae\" \/>\n<meta property=\"article:modified_time\" content=\"2022-06-01T12:35:14+00:00\" \/>\n<meta property=\"og:image\" content=\"https:\/\/www.venavitae.com\/wp-content\/uploads\/2021\/12\/Natural-Growth-20-LITER-etiket.png\" \/>\n<meta name=\"twitter:card\" content=\"summary_large_image\" \/>\n<meta name=\"twitter:label1\" content=\"Tiempo de lectura\" \/>\n\t<meta name=\"twitter:data1\" content=\"2 minutos\" \/>\n<script type=\"application\/ld+json\" class=\"yoast-schema-graph\">{\"@context\":\"https:\/\/schema.org\",\"@graph\":[{\"@type\":\"WebPage\",\"@id\":\"https:\/\/www.venavitae.com\/onze-producten\/\",\"url\":\"https:\/\/www.venavitae.com\/onze-producten\/\",\"name\":\"Onze Producten - Vena Vitae\",\"isPartOf\":{\"@id\":\"https:\/\/www.venavitae.com\/#website\"},\"primaryImageOfPage\":{\"@id\":\"https:\/\/www.venavitae.com\/onze-producten\/#primaryimage\"},\"image\":{\"@id\":\"https:\/\/www.venavitae.com\/onze-producten\/#primaryimage\"},\"thumbnailUrl\":\"https:\/\/www.venavitae.com\/wp-content\/uploads\/2021\/12\/Natural-Growth-20-LITER-etiket.png\",\"datePublished\":\"2021-12-13T09:35:56+00:00\",\"dateModified\":\"2022-06-01T12:35:14+00:00\",\"breadcrumb\":{\"@id\":\"https:\/\/www.venavitae.com\/onze-producten\/#breadcrumb\"},\"inLanguage\":\"es\",\"potentialAction\":[{\"@type\":\"ReadAction\",\"target\":[\"https:\/\/www.venavitae.com\/onze-producten\/\"]}]},{\"@type\":\"ImageObject\",\"inLanguage\":\"es\",\"@id\":\"https:\/\/www.venavitae.com\/onze-producten\/#primaryimage\",\"url\":\"https:\/\/www.venavitae.com\/wp-content\/uploads\/2021\/12\/Natural-Growth-20-LITER-etiket.png\",\"contentUrl\":\"https:\/\/www.venavitae.com\/wp-content\/uploads\/2021\/12\/Natural-Growth-20-LITER-etiket.png\"},{\"@type\":\"BreadcrumbList\",\"@id\":\"https:\/\/www.venavitae.com\/onze-producten\/#breadcrumb\",\"itemListElement\":[{\"@type\":\"ListItem\",\"position\":1,\"name\":\"Home\",\"item\":\"https:\/\/www.venavitae.com\/\"},{\"@type\":\"ListItem\",\"position\":2,\"name\":\"Onze Producten\"}]},{\"@type\":\"WebSite\",\"@id\":\"https:\/\/www.venavitae.com\/#website\",\"url\":\"https:\/\/www.venavitae.com\/\",\"name\":\"Vena Vitae\",\"description\":\"Empowering Growth\",\"publisher\":{\"@id\":\"https:\/\/www.venavitae.com\/#organization\"},\"potentialAction\":[{\"@type\":\"SearchAction\",\"target\":{\"@type\":\"EntryPoint\",\"urlTemplate\":\"https:\/\/www.venavitae.com\/?s={search_term_string}\"},\"query-input\":{\"@type\":\"PropertyValueSpecification\",\"valueRequired\":true,\"valueName\":\"search_term_string\"}}],\"inLanguage\":\"es\"},{\"@type\":\"Organization\",\"@id\":\"https:\/\/www.venavitae.com\/#organization\",\"name\":\"Vena Vitae Benelux B.V.\",\"url\":\"https:\/\/www.venavitae.com\/\",\"logo\":{\"@type\":\"ImageObject\",\"inLanguage\":\"es\",\"@id\":\"https:\/\/www.venavitae.com\/#\/schema\/logo\/image\/\",\"url\":\"https:\/\/www.venavitae.com\/wp-content\/uploads\/2021\/08\/512x512.png\",\"contentUrl\":\"https:\/\/www.venavitae.com\/wp-content\/uploads\/2021\/08\/512x512.png\",\"width\":512,\"height\":512,\"caption\":\"Vena Vitae Benelux B.V.\"},\"image\":{\"@id\":\"https:\/\/www.venavitae.com\/#\/schema\/logo\/image\/\"}}]}<\/script>\n<!-- \/ Yoast SEO plugin. -->","yoast_head_json":{"title":"Nuestros productos - Vena Vitae","robots":{"index":"index","follow":"follow","max-snippet":"max-snippet:-1","max-image-preview":"max-image-preview:large","max-video-preview":"max-video-preview:-1"},"canonical":"https:\/\/www.venavitae.com\/es\/onze-producten\/","og_locale":"es_ES","og_type":"article","og_title":"Onze Producten - Vena Vitae","og_description":"Onze Producten Natural Growth Biologisch Toegelaten Natural Growth is een vloeibaar organisch substraat vol leven, dat ontstaat door denatuurlijke omzetting van bepaalde plantenbestanddelen en dat alsgehomogeniseerd product bijdraagt aan een actiever bodemleven. Door NaturalGrowth toe te passen, neemt de hoeveelheid actieve schimmels en bacteri\u00ebn in debodem aanzienlijk toe. Bovendien kan er ook een duidelijk symbiotisch [&hellip;]","og_url":"https:\/\/www.venavitae.com\/es\/onze-producten\/","og_site_name":"Vena Vitae","article_modified_time":"2022-06-01T12:35:14+00:00","og_image":[{"url":"https:\/\/www.venavitae.com\/wp-content\/uploads\/2021\/12\/Natural-Growth-20-LITER-etiket.png","type":"","width":"","height":""}],"twitter_card":"summary_large_image","twitter_misc":{"Tiempo de lectura":"2 minutos"},"schema":{"@context":"https:\/\/schema.org","@graph":[{"@type":"WebPage","@id":"https:\/\/www.venavitae.com\/onze-producten\/","url":"https:\/\/www.venavitae.com\/onze-producten\/","name":"Nuestros productos - Vena Vitae","isPartOf":{"@id":"https:\/\/www.venavitae.com\/#website"},"primaryImageOfPage":{"@id":"https:\/\/www.venavitae.com\/onze-producten\/#primaryimage"},"image":{"@id":"https:\/\/www.venavitae.com\/onze-producten\/#primaryimage"},"thumbnailUrl":"https:\/\/www.venavitae.com\/wp-content\/uploads\/2021\/12\/Natural-Growth-20-LITER-etiket.png","datePublished":"2021-12-13T09:35:56+00:00","dateModified":"2022-06-01T12:35:14+00:00","breadcrumb":{"@id":"https:\/\/www.venavitae.com\/onze-producten\/#breadcrumb"},"inLanguage":"es","potentialAction":[{"@type":"ReadAction","target":["https:\/\/www.venavitae.com\/onze-producten\/"]}]},{"@type":"ImageObject","inLanguage":"es","@id":"https:\/\/www.venavitae.com\/onze-producten\/#primaryimage","url":"https:\/\/www.venavitae.com\/wp-content\/uploads\/2021\/12\/Natural-Growth-20-LITER-etiket.png","contentUrl":"https:\/\/www.venavitae.com\/wp-content\/uploads\/2021\/12\/Natural-Growth-20-LITER-etiket.png"},{"@type":"BreadcrumbList","@id":"https:\/\/www.venavitae.com\/onze-producten\/#breadcrumb","itemListElement":[{"@type":"ListItem","position":1,"name":"Home","item":"https:\/\/www.venavitae.com\/"},{"@type":"ListItem","position":2,"name":"Onze Producten"}]},{"@type":"WebSite","@id":"https:\/\/www.venavitae.com\/#website","url":"https:\/\/www.venavitae.com\/","name":"Vena Vitae","description":"Empowering Growth","publisher":{"@id":"https:\/\/www.venavitae.com\/#organization"},"potentialAction":[{"@type":"SearchAction","target":{"@type":"EntryPoint","urlTemplate":"https:\/\/www.venavitae.com\/?s={search_term_string}"},"query-input":{"@type":"PropertyValueSpecification","valueRequired":true,"valueName":"search_term_string"}}],"inLanguage":"es"},{"@type":"Organization","@id":"https:\/\/www.venavitae.com\/#organization","name":"Vena Vitae Benelux B.V.","url":"https:\/\/www.venavitae.com\/","logo":{"@type":"ImageObject","inLanguage":"es","@id":"https:\/\/www.venavitae.com\/#\/schema\/logo\/image\/","url":"https:\/\/www.venavitae.com\/wp-content\/uploads\/2021\/08\/512x512.png","contentUrl":"https:\/\/www.venavitae.com\/wp-content\/uploads\/2021\/08\/512x512.png","width":512,"height":512,"caption":"Vena Vitae Benelux B.V."},"image":{"@id":"https:\/\/www.venavitae.com\/#\/schema\/logo\/image\/"}}]}},"_links":{"self":[{"href":"https:\/\/www.venavitae.com\/es\/wp-json\/wp\/v2\/pages\/12959","targetHints":{"allow":["GET"]}}],"collection":[{"href":"https:\/\/www.venavitae.com\/es\/wp-json\/wp\/v2\/pages"}],"about":[{"href":"https:\/\/www.venavitae.com\/es\/wp-json\/wp\/v2\/types\/page"}],"author":[{"embeddable":true,"href":"https:\/\/www.venavitae.com\/es\/wp-json\/wp\/v2\/users\/1"}],"replies":[{"embeddable":true,"href":"https:\/\/www.venavitae.com\/es\/wp-json\/wp\/v2\/comments?post=12959"}],"version-history":[{"count":0,"href":"https:\/\/www.venavitae.com\/es\/wp-json\/wp\/v2\/pages\/12959\/revisions"}],"wp:attachment":[{"href":"https:\/\/www.venavitae.com\/es\/wp-json\/wp\/v2\/media?parent=12959"}],"curies":[{"name":"wp","href":"https:\/\/api.w.org\/{rel}","templated":true}]}}