{"id":14097,"date":"2021-12-20T10:33:58","date_gmt":"2021-12-20T10:33:58","guid":{"rendered":"https:\/\/www.venavitae.com\/?post_type=product&#038;p=14097"},"modified":"2022-01-13T07:55:18","modified_gmt":"2022-01-13T07:55:18","slug":"carbohumic","status":"publish","type":"product","link":"https:\/\/www.venavitae.com\/es\/onze-producten\/carbohumic\/","title":{"rendered":"CarboHumic"},"content":{"rendered":"<p>Como componente activo del humus, Carbohumic influye positivamente en la estructura del suelo y del sustrato, estimula el crecimiento del sistema radicular, mejora la fertilidad del suelo y favorece el crecimiento y el rendimiento de las plantas.<\/p>\n<p>Si se utiliza con regularidad, contribuye a mejorar la fertilidad del suelo y a aumentar su contenido de humus. El producto puede aplicarse a la mayor\u00eda de los cultivos y a una serie de sustratos.<\/p>\n<p>CARBOHUMIC puede utilizarse con \u00e9xito en cultivos cubiertos, agricultura, fruticultura, cultivos en contenedores y espacios verdes p\u00fablicos. Tambi\u00e9n se han conseguido resultados significativos en el cultivo de frutos rojos y, especialmente, en el de fresas. En la actualidad, m\u00e1s de 40% de toda la superficie cultivada en Polonia utiliza este producto.<\/p>\n<p>El humus l\u00edquido CARBOHUMIC que ofrecemos est\u00e1 disponible en forma filtrada con part\u00edculas de 80 \u03bcm \/ 187 mesh. Esta versi\u00f3n con filtro fino est\u00e1 destinada principalmente a la horticultura profesional, donde se utilizan sistemas de riego profesionales (como el riego por goteo, los aspersores, etc.) equipados con filtros m\u00e1s finos. El tamizado del producto excluye por completo el riesgo de obstrucci\u00f3n de la mayor\u00eda de los filtros de precisi\u00f3n disponibles en el mercado.<\/p>","protected":false},"excerpt":{"rendered":"<p style=\"margin-top: 0cm; background: white;\"><span style=\"font-family: 'Arial','sans-serif'; color: #3e3e3e;\">CARBOHUMIC es un extracto h\u00famico denso obtenido del lignito. La materia org\u00e1nica del preparado existe en forma l\u00edquida (\u00e1cidos h\u00famicos, huminas) y en forma s\u00f3lida (carb\u00f3n activo, biochar). <\/span><\/p>","protected":false},"featured_media":13321,"template":"","meta":{"_jet_sm_ready_style":"","_jet_sm_style":"","_jet_sm_controls_values":"","_jet_sm_fonts_collection":"","_jet_sm_fonts_links":""},"product_brand":[],"product_cat":[393],"product_tag":[],"class_list":{"0":"post-14097","1":"product","2":"type-product","3":"status-publish","4":"has-post-thumbnail","6":"product_cat-koolstof-product","8":"first","9":"instock","10":"taxable","11":"shipping-taxable","12":"purchasable","13":"product-type-variable","14":"has-default-attributes"},"yoast_head":"<!-- This site is optimized with the Yoast SEO plugin v27.2 - https:\/\/yoast.com\/product\/yoast-seo-wordpress\/ -->\n<title>CarboHumic - Vena Vitae<\/title>\n<meta name=\"robots\" content=\"index, follow, max-snippet:-1, max-image-preview:large, max-video-preview:-1\" \/>\n<link rel=\"canonical\" href=\"https:\/\/www.venavitae.com\/es\/onze-producten\/carbohumic\/\" \/>\n<meta property=\"og:locale\" content=\"es_ES\" \/>\n<meta property=\"og:type\" content=\"article\" \/>\n<meta property=\"og:title\" content=\"CarboHumic - Vena Vitae\" \/>\n<meta property=\"og:description\" content=\"CARBOHUMIC is een dicht humusachtig extract verkregen uit bruinkool. De organische stof in het preparaat bestaat in vloeibare vorm (humuszuren, huminen) en in vaste vorm (actieve koolstof, biochar).\" \/>\n<meta property=\"og:url\" content=\"https:\/\/www.venavitae.com\/es\/onze-producten\/carbohumic\/\" \/>\n<meta property=\"og:site_name\" content=\"Vena Vitae\" \/>\n<meta property=\"article:modified_time\" content=\"2022-01-13T07:55:18+00:00\" \/>\n<meta property=\"og:image\" content=\"https:\/\/www.venavitae.com\/wp-content\/uploads\/2021\/12\/CARBOHUMIC-20-LITER-nieuw-etiket.png\" \/>\n\t<meta property=\"og:image:width\" content=\"800\" \/>\n\t<meta property=\"og:image:height\" content=\"800\" \/>\n\t<meta property=\"og:image:type\" content=\"image\/png\" \/>\n<meta name=\"twitter:card\" content=\"summary_large_image\" \/>\n<meta name=\"twitter:label1\" content=\"Tiempo de lectura\" \/>\n\t<meta name=\"twitter:data1\" content=\"1 minuto\" \/>\n<script type=\"application\/ld+json\" class=\"yoast-schema-graph\">{\"@context\":\"https:\/\/schema.org\",\"@graph\":[{\"@type\":\"WebPage\",\"@id\":\"https:\/\/www.venavitae.com\/onze-producten\/carbohumic\/\",\"url\":\"https:\/\/www.venavitae.com\/onze-producten\/carbohumic\/\",\"name\":\"CarboHumic - Vena Vitae\",\"isPartOf\":{\"@id\":\"https:\/\/www.venavitae.com\/#website\"},\"primaryImageOfPage\":{\"@id\":\"https:\/\/www.venavitae.com\/onze-producten\/carbohumic\/#primaryimage\"},\"image\":{\"@id\":\"https:\/\/www.venavitae.com\/onze-producten\/carbohumic\/#primaryimage\"},\"thumbnailUrl\":\"https:\/\/www.venavitae.com\/wp-content\/uploads\/2021\/12\/CARBOHUMIC-20-LITER-nieuw-etiket.png\",\"datePublished\":\"2021-12-20T10:33:58+00:00\",\"dateModified\":\"2022-01-13T07:55:18+00:00\",\"breadcrumb\":{\"@id\":\"https:\/\/www.venavitae.com\/onze-producten\/carbohumic\/#breadcrumb\"},\"inLanguage\":\"es\",\"potentialAction\":[{\"@type\":\"ReadAction\",\"target\":[\"https:\/\/www.venavitae.com\/onze-producten\/carbohumic\/\"]}]},{\"@type\":\"ImageObject\",\"inLanguage\":\"es\",\"@id\":\"https:\/\/www.venavitae.com\/onze-producten\/carbohumic\/#primaryimage\",\"url\":\"https:\/\/www.venavitae.com\/wp-content\/uploads\/2021\/12\/CARBOHUMIC-20-LITER-nieuw-etiket.png\",\"contentUrl\":\"https:\/\/www.venavitae.com\/wp-content\/uploads\/2021\/12\/CARBOHUMIC-20-LITER-nieuw-etiket.png\",\"width\":800,\"height\":800,\"caption\":\"20 liter\"},{\"@type\":\"BreadcrumbList\",\"@id\":\"https:\/\/www.venavitae.com\/onze-producten\/carbohumic\/#breadcrumb\",\"itemListElement\":[{\"@type\":\"ListItem\",\"position\":1,\"name\":\"Home\",\"item\":\"https:\/\/www.venavitae.com\/\"},{\"@type\":\"ListItem\",\"position\":2,\"name\":\"FAQ\",\"item\":\"https:\/\/www.venavitae.com\/?page_id=5339\"},{\"@type\":\"ListItem\",\"position\":3,\"name\":\"CarboHumic\"}]},{\"@type\":\"WebSite\",\"@id\":\"https:\/\/www.venavitae.com\/#website\",\"url\":\"https:\/\/www.venavitae.com\/\",\"name\":\"Vena Vitae\",\"description\":\"Empowering Growth\",\"publisher\":{\"@id\":\"https:\/\/www.venavitae.com\/#organization\"},\"potentialAction\":[{\"@type\":\"SearchAction\",\"target\":{\"@type\":\"EntryPoint\",\"urlTemplate\":\"https:\/\/www.venavitae.com\/?s={search_term_string}\"},\"query-input\":{\"@type\":\"PropertyValueSpecification\",\"valueRequired\":true,\"valueName\":\"search_term_string\"}}],\"inLanguage\":\"es\"},{\"@type\":\"Organization\",\"@id\":\"https:\/\/www.venavitae.com\/#organization\",\"name\":\"Vena Vitae Benelux B.V.\",\"url\":\"https:\/\/www.venavitae.com\/\",\"logo\":{\"@type\":\"ImageObject\",\"inLanguage\":\"es\",\"@id\":\"https:\/\/www.venavitae.com\/#\/schema\/logo\/image\/\",\"url\":\"https:\/\/www.venavitae.com\/wp-content\/uploads\/2021\/08\/512x512.png\",\"contentUrl\":\"https:\/\/www.venavitae.com\/wp-content\/uploads\/2021\/08\/512x512.png\",\"width\":512,\"height\":512,\"caption\":\"Vena Vitae Benelux B.V.\"},\"image\":{\"@id\":\"https:\/\/www.venavitae.com\/#\/schema\/logo\/image\/\"}}]}<\/script>\n<!-- \/ Yoast SEO plugin. -->","yoast_head_json":{"title":"CarboHumic - Vena Vitae","robots":{"index":"index","follow":"follow","max-snippet":"max-snippet:-1","max-image-preview":"max-image-preview:large","max-video-preview":"max-video-preview:-1"},"canonical":"https:\/\/www.venavitae.com\/es\/onze-producten\/carbohumic\/","og_locale":"es_ES","og_type":"article","og_title":"CarboHumic - Vena Vitae","og_description":"CARBOHUMIC is een dicht humusachtig extract verkregen uit bruinkool. De organische stof in het preparaat bestaat in vloeibare vorm (humuszuren, huminen) en in vaste vorm (actieve koolstof, biochar).","og_url":"https:\/\/www.venavitae.com\/es\/onze-producten\/carbohumic\/","og_site_name":"Vena Vitae","article_modified_time":"2022-01-13T07:55:18+00:00","og_image":[{"width":800,"height":800,"url":"https:\/\/www.venavitae.com\/wp-content\/uploads\/2021\/12\/CARBOHUMIC-20-LITER-nieuw-etiket.png","type":"image\/png"}],"twitter_card":"summary_large_image","twitter_misc":{"Tiempo de lectura":"1 minuto"},"schema":{"@context":"https:\/\/schema.org","@graph":[{"@type":"WebPage","@id":"https:\/\/www.venavitae.com\/onze-producten\/carbohumic\/","url":"https:\/\/www.venavitae.com\/onze-producten\/carbohumic\/","name":"CarboHumic - Vena Vitae","isPartOf":{"@id":"https:\/\/www.venavitae.com\/#website"},"primaryImageOfPage":{"@id":"https:\/\/www.venavitae.com\/onze-producten\/carbohumic\/#primaryimage"},"image":{"@id":"https:\/\/www.venavitae.com\/onze-producten\/carbohumic\/#primaryimage"},"thumbnailUrl":"https:\/\/www.venavitae.com\/wp-content\/uploads\/2021\/12\/CARBOHUMIC-20-LITER-nieuw-etiket.png","datePublished":"2021-12-20T10:33:58+00:00","dateModified":"2022-01-13T07:55:18+00:00","breadcrumb":{"@id":"https:\/\/www.venavitae.com\/onze-producten\/carbohumic\/#breadcrumb"},"inLanguage":"es","potentialAction":[{"@type":"ReadAction","target":["https:\/\/www.venavitae.com\/onze-producten\/carbohumic\/"]}]},{"@type":"ImageObject","inLanguage":"es","@id":"https:\/\/www.venavitae.com\/onze-producten\/carbohumic\/#primaryimage","url":"https:\/\/www.venavitae.com\/wp-content\/uploads\/2021\/12\/CARBOHUMIC-20-LITER-nieuw-etiket.png","contentUrl":"https:\/\/www.venavitae.com\/wp-content\/uploads\/2021\/12\/CARBOHUMIC-20-LITER-nieuw-etiket.png","width":800,"height":800,"caption":"20 liter"},{"@type":"BreadcrumbList","@id":"https:\/\/www.venavitae.com\/onze-producten\/carbohumic\/#breadcrumb","itemListElement":[{"@type":"ListItem","position":1,"name":"Home","item":"https:\/\/www.venavitae.com\/"},{"@type":"ListItem","position":2,"name":"FAQ","item":"https:\/\/www.venavitae.com\/?page_id=5339"},{"@type":"ListItem","position":3,"name":"CarboHumic"}]},{"@type":"WebSite","@id":"https:\/\/www.venavitae.com\/#website","url":"https:\/\/www.venavitae.com\/","name":"Vena Vitae","description":"Empowering Growth","publisher":{"@id":"https:\/\/www.venavitae.com\/#organization"},"potentialAction":[{"@type":"SearchAction","target":{"@type":"EntryPoint","urlTemplate":"https:\/\/www.venavitae.com\/?s={search_term_string}"},"query-input":{"@type":"PropertyValueSpecification","valueRequired":true,"valueName":"search_term_string"}}],"inLanguage":"es"},{"@type":"Organization","@id":"https:\/\/www.venavitae.com\/#organization","name":"Vena Vitae Benelux B.V.","url":"https:\/\/www.venavitae.com\/","logo":{"@type":"ImageObject","inLanguage":"es","@id":"https:\/\/www.venavitae.com\/#\/schema\/logo\/image\/","url":"https:\/\/www.venavitae.com\/wp-content\/uploads\/2021\/08\/512x512.png","contentUrl":"https:\/\/www.venavitae.com\/wp-content\/uploads\/2021\/08\/512x512.png","width":512,"height":512,"caption":"Vena Vitae Benelux B.V."},"image":{"@id":"https:\/\/www.venavitae.com\/#\/schema\/logo\/image\/"}}]}},"_links":{"self":[{"href":"https:\/\/www.venavitae.com\/es\/wp-json\/wp\/v2\/product\/14097","targetHints":{"allow":["GET"]}}],"collection":[{"href":"https:\/\/www.venavitae.com\/es\/wp-json\/wp\/v2\/product"}],"about":[{"href":"https:\/\/www.venavitae.com\/es\/wp-json\/wp\/v2\/types\/product"}],"version-history":[{"count":0,"href":"https:\/\/www.venavitae.com\/es\/wp-json\/wp\/v2\/product\/14097\/revisions"}],"wp:featuredmedia":[{"embeddable":true,"href":"https:\/\/www.venavitae.com\/es\/wp-json\/wp\/v2\/media\/13321"}],"wp:attachment":[{"href":"https:\/\/www.venavitae.com\/es\/wp-json\/wp\/v2\/media?parent=14097"}],"wp:term":[{"taxonomy":"product_brand","embeddable":true,"href":"https:\/\/www.venavitae.com\/es\/wp-json\/wp\/v2\/product_brand?post=14097"},{"taxonomy":"product_cat","embeddable":true,"href":"https:\/\/www.venavitae.com\/es\/wp-json\/wp\/v2\/product_cat?post=14097"},{"taxonomy":"product_tag","embeddable":true,"href":"https:\/\/www.venavitae.com\/es\/wp-json\/wp\/v2\/product_tag?post=14097"}],"curies":[{"name":"wp","href":"https:\/\/api.w.org\/{rel}","templated":true}]}}