{"id":6451,"date":"2021-05-10T18:01:27","date_gmt":"2021-05-10T18:01:27","guid":{"rendered":"https:\/\/www.venavitae.com\/?post_type=product&#038;p=6451"},"modified":"2022-01-13T07:56:27","modified_gmt":"2022-01-13T07:56:27","slug":"natural-growth","status":"publish","type":"product","link":"https:\/\/www.venavitae.com\/es\/onze-producten\/natural-growth\/","title":{"rendered":"Natural Growth"},"content":{"rendered":"<p>Por lo tanto, la aplicaci\u00f3n de Crecimiento Natural contribuye a la regeneraci\u00f3n del suelo. Esto conduce a una mejor gesti\u00f3n de la humedad y a un aumento de la capacidad de amortiguaci\u00f3n del agua del suelo. Esto aumenta significativamente la tolerancia a la sequ\u00eda de los cultivos.<\/p>\n<p>Las pulverizaciones repetidas y frecuentes de los cultivos con Crecimiento Natural contribuyen a una fotos\u00edntesis m\u00e1s activa y fuerte, enciende los receptores de las plantas y reduce en gran medida la presi\u00f3n de las enfermedades f\u00fangicas.<\/p>\n<p>Adem\u00e1s, el Crecimiento Natural contribuye a una redistribuci\u00f3n activa de los az\u00facares en la planta, de modo que al final del d\u00eda, el nivel de az\u00facar en la cabeza de la planta se reduce r\u00e1pida y eficazmente, haciendo que la planta sea mucho menos atractiva para plagas como pulgones, moscas blancas y trips.<\/p>\n<p>Los agentes de control biol\u00f3gico, en cambio, parecen desarrollarse con mucha m\u00e1s fuerza gracias a este producto y se multiplican f\u00e1cilmente en el cultivo.<\/p>\n<p>El tratamiento de las semillas con Crecimiento Natural sin diluir produce un notable aumento de la velocidad de germinaci\u00f3n, del porcentaje de germinaci\u00f3n y garantiza una emergencia m\u00e1s homog\u00e9nea de las pl\u00e1ntulas y un contenido de materia seca visiblemente mayor en las mismas.<\/p>","protected":false},"excerpt":{"rendered":"<p>El Crecimiento Natural es un sustrato org\u00e1nico l\u00edquido lleno de vida, creado por la<br \/>\ntransformaci\u00f3n natural de ciertos componentes de las plantas y que como<br \/>\nEl producto homogeneizado contribuye a una vida m\u00e1s activa del suelo. A trav\u00e9s de la naturaleza<br \/>\nEl crecimiento, la cantidad de mohos y bacterias activas en el<br \/>\nsuelo considerablemente. Adem\u00e1s, tambi\u00e9n se puede observar un claro efecto simbi\u00f3tico<br \/>\nobservado entre los exudados de la ra\u00edz excretados por la planta y el<br \/>\nmicrobioma.<\/p>","protected":false},"featured_media":14009,"template":"elementor_header_footer","meta":{"_jet_sm_ready_style":"","_jet_sm_style":"","_jet_sm_controls_values":"","_jet_sm_fonts_collection":"","_jet_sm_fonts_links":""},"product_brand":[],"product_cat":[391],"product_tag":[],"class_list":{"0":"post-6451","1":"product","2":"type-product","3":"status-publish","4":"has-post-thumbnail","6":"product_cat-plant-supplementen","8":"first","9":"instock","10":"featured","11":"taxable","12":"shipping-taxable","13":"purchasable","14":"product-type-variable","15":"has-default-attributes"},"yoast_head":"<!-- This site is optimized with the Yoast SEO plugin v27.2 - https:\/\/yoast.com\/product\/yoast-seo-wordpress\/ -->\n<title>Natural Growth - Vena Vitae<\/title>\n<meta name=\"description\" content=\"Certified organic and biological supplement to improve allocation of the plant&#039;s sugers to improve plague resistance as well as crop growth.\" \/>\n<meta name=\"robots\" content=\"index, follow, max-snippet:-1, max-image-preview:large, max-video-preview:-1\" \/>\n<link rel=\"canonical\" href=\"https:\/\/www.venavitae.com\/es\/onze-producten\/natural-growth\/\" \/>\n<meta property=\"og:locale\" content=\"es_ES\" \/>\n<meta property=\"og:type\" content=\"article\" \/>\n<meta property=\"og:title\" content=\"Natural Growth - Vena Vitae\" \/>\n<meta property=\"og:description\" content=\"Certified organic and biological supplement to improve allocation of the plant&#039;s sugers to improve plague resistance as well as crop growth.\" \/>\n<meta property=\"og:url\" content=\"https:\/\/www.venavitae.com\/es\/onze-producten\/natural-growth\/\" \/>\n<meta property=\"og:site_name\" content=\"Vena Vitae\" \/>\n<meta property=\"article:modified_time\" content=\"2022-01-13T07:56:27+00:00\" \/>\n<meta property=\"og:image\" content=\"https:\/\/www.venavitae.com\/wp-content\/uploads\/2021\/05\/Natural-Growth-20-LITER-etiket-1.png\" \/>\n\t<meta property=\"og:image:width\" content=\"800\" \/>\n\t<meta property=\"og:image:height\" content=\"800\" \/>\n\t<meta property=\"og:image:type\" content=\"image\/png\" \/>\n<meta name=\"twitter:card\" content=\"summary_large_image\" \/>\n<meta name=\"twitter:label1\" content=\"Tiempo de lectura\" \/>\n\t<meta name=\"twitter:data1\" content=\"1 minuto\" \/>\n<script type=\"application\/ld+json\" class=\"yoast-schema-graph\">{\"@context\":\"https:\/\/schema.org\",\"@graph\":[{\"@type\":\"WebPage\",\"@id\":\"https:\/\/www.venavitae.com\/onze-producten\/natural-growth\/\",\"url\":\"https:\/\/www.venavitae.com\/onze-producten\/natural-growth\/\",\"name\":\"Natural Growth - Vena Vitae\",\"isPartOf\":{\"@id\":\"https:\/\/www.venavitae.com\/#website\"},\"primaryImageOfPage\":{\"@id\":\"https:\/\/www.venavitae.com\/onze-producten\/natural-growth\/#primaryimage\"},\"image\":{\"@id\":\"https:\/\/www.venavitae.com\/onze-producten\/natural-growth\/#primaryimage\"},\"thumbnailUrl\":\"https:\/\/www.venavitae.com\/wp-content\/uploads\/2021\/05\/Natural-Growth-20-LITER-etiket-1.png\",\"datePublished\":\"2021-05-10T18:01:27+00:00\",\"dateModified\":\"2022-01-13T07:56:27+00:00\",\"description\":\"Certified organic and biological supplement to improve allocation of the plant's sugers to improve plague resistance as well as crop growth.\",\"breadcrumb\":{\"@id\":\"https:\/\/www.venavitae.com\/onze-producten\/natural-growth\/#breadcrumb\"},\"inLanguage\":\"es\",\"potentialAction\":[{\"@type\":\"ReadAction\",\"target\":[\"https:\/\/www.venavitae.com\/onze-producten\/natural-growth\/\"]}]},{\"@type\":\"ImageObject\",\"inLanguage\":\"es\",\"@id\":\"https:\/\/www.venavitae.com\/onze-producten\/natural-growth\/#primaryimage\",\"url\":\"https:\/\/www.venavitae.com\/wp-content\/uploads\/2021\/05\/Natural-Growth-20-LITER-etiket-1.png\",\"contentUrl\":\"https:\/\/www.venavitae.com\/wp-content\/uploads\/2021\/05\/Natural-Growth-20-LITER-etiket-1.png\",\"width\":800,\"height\":800,\"caption\":\"Natural Growth 20 LITER etiket\"},{\"@type\":\"BreadcrumbList\",\"@id\":\"https:\/\/www.venavitae.com\/onze-producten\/natural-growth\/#breadcrumb\",\"itemListElement\":[{\"@type\":\"ListItem\",\"position\":1,\"name\":\"Home\",\"item\":\"https:\/\/www.venavitae.com\/\"},{\"@type\":\"ListItem\",\"position\":2,\"name\":\"FAQ\",\"item\":\"https:\/\/www.venavitae.com\/?page_id=5339\"},{\"@type\":\"ListItem\",\"position\":3,\"name\":\"Natural Growth\"}]},{\"@type\":\"WebSite\",\"@id\":\"https:\/\/www.venavitae.com\/#website\",\"url\":\"https:\/\/www.venavitae.com\/\",\"name\":\"Vena Vitae\",\"description\":\"Empowering Growth\",\"publisher\":{\"@id\":\"https:\/\/www.venavitae.com\/#organization\"},\"potentialAction\":[{\"@type\":\"SearchAction\",\"target\":{\"@type\":\"EntryPoint\",\"urlTemplate\":\"https:\/\/www.venavitae.com\/?s={search_term_string}\"},\"query-input\":{\"@type\":\"PropertyValueSpecification\",\"valueRequired\":true,\"valueName\":\"search_term_string\"}}],\"inLanguage\":\"es\"},{\"@type\":\"Organization\",\"@id\":\"https:\/\/www.venavitae.com\/#organization\",\"name\":\"Vena Vitae Benelux B.V.\",\"url\":\"https:\/\/www.venavitae.com\/\",\"logo\":{\"@type\":\"ImageObject\",\"inLanguage\":\"es\",\"@id\":\"https:\/\/www.venavitae.com\/#\/schema\/logo\/image\/\",\"url\":\"https:\/\/www.venavitae.com\/wp-content\/uploads\/2021\/08\/512x512.png\",\"contentUrl\":\"https:\/\/www.venavitae.com\/wp-content\/uploads\/2021\/08\/512x512.png\",\"width\":512,\"height\":512,\"caption\":\"Vena Vitae Benelux B.V.\"},\"image\":{\"@id\":\"https:\/\/www.venavitae.com\/#\/schema\/logo\/image\/\"}}]}<\/script>\n<!-- \/ Yoast SEO plugin. -->","yoast_head_json":{"title":"Crecimiento natural - Vena Vitae","description":"Suplemento org\u00e1nico y biol\u00f3gico certificado para mejorar la asignaci\u00f3n de los az\u00facares de la planta para mejorar la resistencia a las plagas as\u00ed como el crecimiento de los cultivos.","robots":{"index":"index","follow":"follow","max-snippet":"max-snippet:-1","max-image-preview":"max-image-preview:large","max-video-preview":"max-video-preview:-1"},"canonical":"https:\/\/www.venavitae.com\/es\/onze-producten\/natural-growth\/","og_locale":"es_ES","og_type":"article","og_title":"Natural Growth - Vena Vitae","og_description":"Certified organic and biological supplement to improve allocation of the plant's sugers to improve plague resistance as well as crop growth.","og_url":"https:\/\/www.venavitae.com\/es\/onze-producten\/natural-growth\/","og_site_name":"Vena Vitae","article_modified_time":"2022-01-13T07:56:27+00:00","og_image":[{"width":800,"height":800,"url":"https:\/\/www.venavitae.com\/wp-content\/uploads\/2021\/05\/Natural-Growth-20-LITER-etiket-1.png","type":"image\/png"}],"twitter_card":"summary_large_image","twitter_misc":{"Tiempo de lectura":"1 minuto"},"schema":{"@context":"https:\/\/schema.org","@graph":[{"@type":"WebPage","@id":"https:\/\/www.venavitae.com\/onze-producten\/natural-growth\/","url":"https:\/\/www.venavitae.com\/onze-producten\/natural-growth\/","name":"Crecimiento natural - Vena Vitae","isPartOf":{"@id":"https:\/\/www.venavitae.com\/#website"},"primaryImageOfPage":{"@id":"https:\/\/www.venavitae.com\/onze-producten\/natural-growth\/#primaryimage"},"image":{"@id":"https:\/\/www.venavitae.com\/onze-producten\/natural-growth\/#primaryimage"},"thumbnailUrl":"https:\/\/www.venavitae.com\/wp-content\/uploads\/2021\/05\/Natural-Growth-20-LITER-etiket-1.png","datePublished":"2021-05-10T18:01:27+00:00","dateModified":"2022-01-13T07:56:27+00:00","description":"Suplemento org\u00e1nico y biol\u00f3gico certificado para mejorar la asignaci\u00f3n de los az\u00facares de la planta para mejorar la resistencia a las plagas as\u00ed como el crecimiento de los cultivos.","breadcrumb":{"@id":"https:\/\/www.venavitae.com\/onze-producten\/natural-growth\/#breadcrumb"},"inLanguage":"es","potentialAction":[{"@type":"ReadAction","target":["https:\/\/www.venavitae.com\/onze-producten\/natural-growth\/"]}]},{"@type":"ImageObject","inLanguage":"es","@id":"https:\/\/www.venavitae.com\/onze-producten\/natural-growth\/#primaryimage","url":"https:\/\/www.venavitae.com\/wp-content\/uploads\/2021\/05\/Natural-Growth-20-LITER-etiket-1.png","contentUrl":"https:\/\/www.venavitae.com\/wp-content\/uploads\/2021\/05\/Natural-Growth-20-LITER-etiket-1.png","width":800,"height":800,"caption":"Natural Growth 20 LITER etiket"},{"@type":"BreadcrumbList","@id":"https:\/\/www.venavitae.com\/onze-producten\/natural-growth\/#breadcrumb","itemListElement":[{"@type":"ListItem","position":1,"name":"Home","item":"https:\/\/www.venavitae.com\/"},{"@type":"ListItem","position":2,"name":"FAQ","item":"https:\/\/www.venavitae.com\/?page_id=5339"},{"@type":"ListItem","position":3,"name":"Natural Growth"}]},{"@type":"WebSite","@id":"https:\/\/www.venavitae.com\/#website","url":"https:\/\/www.venavitae.com\/","name":"Vena Vitae","description":"Empowering Growth","publisher":{"@id":"https:\/\/www.venavitae.com\/#organization"},"potentialAction":[{"@type":"SearchAction","target":{"@type":"EntryPoint","urlTemplate":"https:\/\/www.venavitae.com\/?s={search_term_string}"},"query-input":{"@type":"PropertyValueSpecification","valueRequired":true,"valueName":"search_term_string"}}],"inLanguage":"es"},{"@type":"Organization","@id":"https:\/\/www.venavitae.com\/#organization","name":"Vena Vitae Benelux B.V.","url":"https:\/\/www.venavitae.com\/","logo":{"@type":"ImageObject","inLanguage":"es","@id":"https:\/\/www.venavitae.com\/#\/schema\/logo\/image\/","url":"https:\/\/www.venavitae.com\/wp-content\/uploads\/2021\/08\/512x512.png","contentUrl":"https:\/\/www.venavitae.com\/wp-content\/uploads\/2021\/08\/512x512.png","width":512,"height":512,"caption":"Vena Vitae Benelux B.V."},"image":{"@id":"https:\/\/www.venavitae.com\/#\/schema\/logo\/image\/"}}]}},"_links":{"self":[{"href":"https:\/\/www.venavitae.com\/es\/wp-json\/wp\/v2\/product\/6451","targetHints":{"allow":["GET"]}}],"collection":[{"href":"https:\/\/www.venavitae.com\/es\/wp-json\/wp\/v2\/product"}],"about":[{"href":"https:\/\/www.venavitae.com\/es\/wp-json\/wp\/v2\/types\/product"}],"version-history":[{"count":0,"href":"https:\/\/www.venavitae.com\/es\/wp-json\/wp\/v2\/product\/6451\/revisions"}],"wp:featuredmedia":[{"embeddable":true,"href":"https:\/\/www.venavitae.com\/es\/wp-json\/wp\/v2\/media\/14009"}],"wp:attachment":[{"href":"https:\/\/www.venavitae.com\/es\/wp-json\/wp\/v2\/media?parent=6451"}],"wp:term":[{"taxonomy":"product_brand","embeddable":true,"href":"https:\/\/www.venavitae.com\/es\/wp-json\/wp\/v2\/product_brand?post=6451"},{"taxonomy":"product_cat","embeddable":true,"href":"https:\/\/www.venavitae.com\/es\/wp-json\/wp\/v2\/product_cat?post=6451"},{"taxonomy":"product_tag","embeddable":true,"href":"https:\/\/www.venavitae.com\/es\/wp-json\/wp\/v2\/product_tag?post=6451"}],"curies":[{"name":"wp","href":"https:\/\/api.w.org\/{rel}","templated":true}]}}