{"id":14771,"date":"2021-12-28T05:50:36","date_gmt":"2021-12-28T05:50:36","guid":{"rendered":"https:\/\/www.venavitae.com\/?page_id=14771"},"modified":"2021-12-28T05:53:18","modified_gmt":"2021-12-28T05:53:18","slug":"disclaimer","status":"publish","type":"page","link":"https:\/\/www.venavitae.com\/fr\/disclaimer\/","title":{"rendered":"Avis de non-responsabilit\u00e9"},"content":{"rendered":"<div data-elementor-type=\"wp-page\" data-elementor-id=\"14771\" class=\"elementor elementor-14771\">\n\t\t\t\t\t\t<section class=\"elementor-section elementor-top-section elementor-element elementor-element-34d86bd elementor-section-height-min-height elementor-section-boxed elementor-section-height-default elementor-section-items-middle\" data-id=\"34d86bd\" data-element_type=\"section\" data-e-type=\"section\" data-settings=\"{&quot;background_background&quot;:&quot;classic&quot;}\">\n\t\t\t\t\t\t<div class=\"elementor-container elementor-column-gap-default\">\n\t\t\t\t\t<div class=\"elementor-column elementor-col-100 elementor-top-column elementor-element elementor-element-4678b96\" data-id=\"4678b96\" data-element_type=\"column\" data-e-type=\"column\" data-settings=\"{&quot;background_background&quot;:&quot;classic&quot;}\">\n\t\t\t<div class=\"elementor-widget-wrap elementor-element-populated\">\n\t\t\t\t\t\t<div class=\"elementor-element elementor-element-39ce829 elementor-widget elementor-widget-heading\" data-id=\"39ce829\" data-element_type=\"widget\" data-e-type=\"widget\" data-widget_type=\"heading.default\">\n\t\t\t\t<div class=\"elementor-widget-container\">\n\t\t\t\t\t<h1 class=\"elementor-heading-title elementor-size-default\">Avis de non-responsabilit\u00e9<\/h1>\t\t\t\t<\/div>\n\t\t\t\t<\/div>\n\t\t\t\t\t<\/div>\n\t\t<\/div>\n\t\t\t\t\t<\/div>\n\t\t<\/section>\n\t\t\t\t<section class=\"elementor-section elementor-top-section elementor-element elementor-element-b6d5742 elementor-section-boxed elementor-section-height-default elementor-section-height-default\" data-id=\"b6d5742\" data-element_type=\"section\" data-e-type=\"section\">\n\t\t\t\t\t\t<div class=\"elementor-container elementor-column-gap-default\">\n\t\t\t\t\t<div class=\"elementor-column elementor-col-100 elementor-top-column elementor-element elementor-element-01c477a\" data-id=\"01c477a\" data-element_type=\"column\" data-e-type=\"column\">\n\t\t\t<div class=\"elementor-widget-wrap elementor-element-populated\">\n\t\t\t\t\t\t<div class=\"elementor-element elementor-element-bf6fb0d elementor-widget elementor-widget-text-editor\" data-id=\"bf6fb0d\" data-element_type=\"widget\" data-e-type=\"widget\" data-widget_type=\"text-editor.default\">\n\t\t\t\t<div class=\"elementor-widget-container\">\n\t\t\t\t\t\t\t\t\t<p class=\"translation-block\"><b>Propri\u00e9t\u00e9 intellectuelle<\/b><\/p><p>L'utilisation des informations contenues dans ce site web est gratuite pour autant que vous ne copiez pas, ne distribuez pas et n'utilisiez pas de quelque mani\u00e8re que ce soit ces informations de mani\u00e8re abusive. Vous ne pouvez r\u00e9utiliser les informations de ce site que conform\u00e9ment aux dispositions de la loi obligatoire.<\/p><p>Sans l'autorisation \u00e9crite explicite de Vena Vitae Benelux B.V., il n'est pas permis de r\u00e9utiliser les textes, les photos ou d'autres \u00e9l\u00e9ments de ce site web. La propri\u00e9t\u00e9 intellectuelle appartient \u00e0 Vena Vitae Benelux B.V..<\/p><p><strong>Aucune garantie d'exactitude<\/strong><\/p><p>En ce qui concerne les prix indiqu\u00e9s sur notre site web, nous nous effor\u00e7ons d'\u00eatre aussi pr\u00e9cis que possible pour refl\u00e9ter la r\u00e9alit\u00e9 et les prix mentionn\u00e9s. Les erreurs qui surviennent et qui sont reconnaissables comme des erreurs de programmation ou de frappe, ne constituent jamais une raison pour r\u00e9clamer ou assumer un contrat ou un accord avec nous.<\/p><p><span style=\"font-style: inherit;\" data-toggle=\"tooltip\" data-placement=\"top\" data-original-title=\"Vul alstublieft in Bedrijfsnaam\">\u00a0Vena Vitae Benelux B.V. s'efforce de maintenir ce site Web aussi \u00e0 jour que possible. Si, malgr\u00e9 ces efforts, les informations ou le contenu de ce site web sont incomplets ou incorrects, nous ne pouvons en assumer la responsabilit\u00e9.<\/span><\/p><p>Les informations et\/ou produits figurant sur ce site web sont propos\u00e9s sans aucune forme de garantie ou de pr\u00e9tention \u00e0 l'exactitude. Nous nous r\u00e9servons le droit de modifier, supprimer ou r\u00e9afficher ces \u00e9l\u00e9ments sans pr\u00e9avis.\u00a0 Vena Vitae Benelux B.V. d\u00e9cline toute responsabilit\u00e9 quant aux informations contenues dans ce site web auquel nous renvoyons par des hyperliens.<\/p>\t\t\t\t\t\t\t\t<\/div>\n\t\t\t\t<\/div>\n\t\t\t\t\t<\/div>\n\t\t<\/div>\n\t\t\t\t\t<\/div>\n\t\t<\/section>\n\t\t\t\t<\/div>","protected":false},"excerpt":{"rendered":"<p>Disclaimer Intellectueel\u00a0eigendom Het gebruik van de informatie op deze website is gratis zolang u deze informatie niet kopieert, verspreidt of op een andere manier gebruikt of misbruikt. U mag de informatie op deze website alleen hergebruiken volgens de regelingen van het dwingend recht. Zonder uitdrukkelijke schriftelijke toestemming van Vena Vitae Benelux B.V.\u00a0 is het niet [&hellip;]<\/p>\n","protected":false},"author":1,"featured_media":0,"parent":0,"menu_order":0,"comment_status":"closed","ping_status":"closed","template":"elementor_header_footer","meta":{"_jet_sm_ready_style":"","_jet_sm_style":"","_jet_sm_controls_values":"","_jet_sm_fonts_collection":"","_jet_sm_fonts_links":"","footnotes":""},"class_list":["post-14771","page","type-page","status-publish","hentry"],"yoast_head":"<!-- This site is optimized with the Yoast SEO plugin v27.2 - https:\/\/yoast.com\/product\/yoast-seo-wordpress\/ -->\n<title>Disclaimer - Vena Vitae<\/title>\n<meta name=\"robots\" content=\"index, follow, max-snippet:-1, max-image-preview:large, max-video-preview:-1\" \/>\n<link rel=\"canonical\" href=\"https:\/\/www.venavitae.com\/fr\/clause-de-non-responsabilite\/\" \/>\n<meta property=\"og:locale\" content=\"fr_FR\" \/>\n<meta property=\"og:type\" content=\"article\" \/>\n<meta property=\"og:title\" content=\"Disclaimer - Vena Vitae\" \/>\n<meta property=\"og:description\" content=\"Disclaimer Intellectueel\u00a0eigendom Het gebruik van de informatie op deze website is gratis zolang u deze informatie niet kopieert, verspreidt of op een andere manier gebruikt of misbruikt. U mag de informatie op deze website alleen hergebruiken volgens de regelingen van het dwingend recht. Zonder uitdrukkelijke schriftelijke toestemming van Vena Vitae Benelux B.V.\u00a0 is het niet [&hellip;]\" \/>\n<meta property=\"og:url\" content=\"https:\/\/www.venavitae.com\/fr\/clause-de-non-responsabilite\/\" \/>\n<meta property=\"og:site_name\" content=\"Vena Vitae\" \/>\n<meta property=\"article:modified_time\" content=\"2021-12-28T05:53:18+00:00\" \/>\n<meta name=\"twitter:card\" content=\"summary_large_image\" \/>\n<meta name=\"twitter:label1\" content=\"Dur\u00e9e de lecture estim\u00e9e\" \/>\n\t<meta name=\"twitter:data1\" content=\"2 minutes\" \/>\n<script type=\"application\/ld+json\" class=\"yoast-schema-graph\">{\"@context\":\"https:\/\/schema.org\",\"@graph\":[{\"@type\":\"WebPage\",\"@id\":\"https:\/\/www.venavitae.com\/disclaimer\/\",\"url\":\"https:\/\/www.venavitae.com\/disclaimer\/\",\"name\":\"Disclaimer - Vena Vitae\",\"isPartOf\":{\"@id\":\"https:\/\/www.venavitae.com\/#website\"},\"datePublished\":\"2021-12-28T05:50:36+00:00\",\"dateModified\":\"2021-12-28T05:53:18+00:00\",\"breadcrumb\":{\"@id\":\"https:\/\/www.venavitae.com\/disclaimer\/#breadcrumb\"},\"inLanguage\":\"fr-FR\",\"potentialAction\":[{\"@type\":\"ReadAction\",\"target\":[\"https:\/\/www.venavitae.com\/disclaimer\/\"]}]},{\"@type\":\"BreadcrumbList\",\"@id\":\"https:\/\/www.venavitae.com\/disclaimer\/#breadcrumb\",\"itemListElement\":[{\"@type\":\"ListItem\",\"position\":1,\"name\":\"Home\",\"item\":\"https:\/\/www.venavitae.com\/\"},{\"@type\":\"ListItem\",\"position\":2,\"name\":\"Disclaimer\"}]},{\"@type\":\"WebSite\",\"@id\":\"https:\/\/www.venavitae.com\/#website\",\"url\":\"https:\/\/www.venavitae.com\/\",\"name\":\"Vena Vitae\",\"description\":\"Empowering Growth\",\"publisher\":{\"@id\":\"https:\/\/www.venavitae.com\/#organization\"},\"potentialAction\":[{\"@type\":\"SearchAction\",\"target\":{\"@type\":\"EntryPoint\",\"urlTemplate\":\"https:\/\/www.venavitae.com\/?s={search_term_string}\"},\"query-input\":{\"@type\":\"PropertyValueSpecification\",\"valueRequired\":true,\"valueName\":\"search_term_string\"}}],\"inLanguage\":\"fr-FR\"},{\"@type\":\"Organization\",\"@id\":\"https:\/\/www.venavitae.com\/#organization\",\"name\":\"Vena Vitae Benelux B.V.\",\"url\":\"https:\/\/www.venavitae.com\/\",\"logo\":{\"@type\":\"ImageObject\",\"inLanguage\":\"fr-FR\",\"@id\":\"https:\/\/www.venavitae.com\/#\/schema\/logo\/image\/\",\"url\":\"https:\/\/www.venavitae.com\/wp-content\/uploads\/2021\/08\/512x512.png\",\"contentUrl\":\"https:\/\/www.venavitae.com\/wp-content\/uploads\/2021\/08\/512x512.png\",\"width\":512,\"height\":512,\"caption\":\"Vena Vitae Benelux B.V.\"},\"image\":{\"@id\":\"https:\/\/www.venavitae.com\/#\/schema\/logo\/image\/\"}}]}<\/script>\n<!-- \/ Yoast SEO plugin. -->","yoast_head_json":{"title":"Avis de non-responsabilit\u00e9 - Vena Vitae","robots":{"index":"index","follow":"follow","max-snippet":"max-snippet:-1","max-image-preview":"max-image-preview:large","max-video-preview":"max-video-preview:-1"},"canonical":"https:\/\/www.venavitae.com\/fr\/clause-de-non-responsabilite\/","og_locale":"fr_FR","og_type":"article","og_title":"Disclaimer - Vena Vitae","og_description":"Disclaimer Intellectueel\u00a0eigendom Het gebruik van de informatie op deze website is gratis zolang u deze informatie niet kopieert, verspreidt of op een andere manier gebruikt of misbruikt. U mag de informatie op deze website alleen hergebruiken volgens de regelingen van het dwingend recht. Zonder uitdrukkelijke schriftelijke toestemming van Vena Vitae Benelux B.V.\u00a0 is het niet [&hellip;]","og_url":"https:\/\/www.venavitae.com\/fr\/clause-de-non-responsabilite\/","og_site_name":"Vena Vitae","article_modified_time":"2021-12-28T05:53:18+00:00","twitter_card":"summary_large_image","twitter_misc":{"Dur\u00e9e de lecture estim\u00e9e":"2 minutes"},"schema":{"@context":"https:\/\/schema.org","@graph":[{"@type":"WebPage","@id":"https:\/\/www.venavitae.com\/disclaimer\/","url":"https:\/\/www.venavitae.com\/disclaimer\/","name":"Avis de non-responsabilit\u00e9 - Vena Vitae","isPartOf":{"@id":"https:\/\/www.venavitae.com\/#website"},"datePublished":"2021-12-28T05:50:36+00:00","dateModified":"2021-12-28T05:53:18+00:00","breadcrumb":{"@id":"https:\/\/www.venavitae.com\/disclaimer\/#breadcrumb"},"inLanguage":"fr-FR","potentialAction":[{"@type":"ReadAction","target":["https:\/\/www.venavitae.com\/disclaimer\/"]}]},{"@type":"BreadcrumbList","@id":"https:\/\/www.venavitae.com\/disclaimer\/#breadcrumb","itemListElement":[{"@type":"ListItem","position":1,"name":"Home","item":"https:\/\/www.venavitae.com\/"},{"@type":"ListItem","position":2,"name":"Disclaimer"}]},{"@type":"WebSite","@id":"https:\/\/www.venavitae.com\/#website","url":"https:\/\/www.venavitae.com\/","name":"Vena Vitae","description":"Empowering Growth","publisher":{"@id":"https:\/\/www.venavitae.com\/#organization"},"potentialAction":[{"@type":"SearchAction","target":{"@type":"EntryPoint","urlTemplate":"https:\/\/www.venavitae.com\/?s={search_term_string}"},"query-input":{"@type":"PropertyValueSpecification","valueRequired":true,"valueName":"search_term_string"}}],"inLanguage":"fr-FR"},{"@type":"Organization","@id":"https:\/\/www.venavitae.com\/#organization","name":"Vena Vitae Benelux B.V.","url":"https:\/\/www.venavitae.com\/","logo":{"@type":"ImageObject","inLanguage":"fr-FR","@id":"https:\/\/www.venavitae.com\/#\/schema\/logo\/image\/","url":"https:\/\/www.venavitae.com\/wp-content\/uploads\/2021\/08\/512x512.png","contentUrl":"https:\/\/www.venavitae.com\/wp-content\/uploads\/2021\/08\/512x512.png","width":512,"height":512,"caption":"Vena Vitae Benelux B.V."},"image":{"@id":"https:\/\/www.venavitae.com\/#\/schema\/logo\/image\/"}}]}},"_links":{"self":[{"href":"https:\/\/www.venavitae.com\/fr\/wp-json\/wp\/v2\/pages\/14771","targetHints":{"allow":["GET"]}}],"collection":[{"href":"https:\/\/www.venavitae.com\/fr\/wp-json\/wp\/v2\/pages"}],"about":[{"href":"https:\/\/www.venavitae.com\/fr\/wp-json\/wp\/v2\/types\/page"}],"author":[{"embeddable":true,"href":"https:\/\/www.venavitae.com\/fr\/wp-json\/wp\/v2\/users\/1"}],"replies":[{"embeddable":true,"href":"https:\/\/www.venavitae.com\/fr\/wp-json\/wp\/v2\/comments?post=14771"}],"version-history":[{"count":0,"href":"https:\/\/www.venavitae.com\/fr\/wp-json\/wp\/v2\/pages\/14771\/revisions"}],"wp:attachment":[{"href":"https:\/\/www.venavitae.com\/fr\/wp-json\/wp\/v2\/media?parent=14771"}],"curies":[{"name":"wp","href":"https:\/\/api.w.org\/{rel}","templated":true}]}}