{"id":14097,"date":"2021-12-20T10:33:58","date_gmt":"2021-12-20T10:33:58","guid":{"rendered":"https:\/\/www.venavitae.com\/?post_type=product&#038;p=14097"},"modified":"2022-01-13T07:55:18","modified_gmt":"2022-01-13T07:55:18","slug":"carbohumic","status":"publish","type":"product","link":"https:\/\/www.venavitae.com\/fr\/onze-producten\/carbohumic\/","title":{"rendered":"CarboHumic"},"content":{"rendered":"<p>En tant que composant actif de l'humus, Carbohumic influence positivement la structure du sol et du substrat, stimule la croissance du syst\u00e8me racinaire, am\u00e9liore la fertilit\u00e9 du sol et soutient la croissance et le rendement des plantes.<\/p>\n<p>Utilis\u00e9 r\u00e9guli\u00e8rement, il contribue \u00e0 am\u00e9liorer la fertilit\u00e9 du sol et \u00e0 augmenter la teneur en humus du sol. Le produit peut \u00eatre appliqu\u00e9 sur la plupart des cultures et sur une gamme de substrats.<\/p>\n<p>CARBOHUMIC peut \u00eatre utilis\u00e9 avec succ\u00e8s dans les cultures couvertes, l'agriculture, les cultures fruiti\u00e8res, les cultures en conteneurs et les espaces verts publics. Des r\u00e9sultats significatifs ont \u00e9galement \u00e9t\u00e9 obtenus dans la culture des fruits rouges et surtout dans la culture des fraises. Actuellement, plus de 40% de l'ensemble de la surface cultiv\u00e9e en Pologne utilise ce produit.<\/p>\n<p>L'humus liquide CARBOHUMIC que nous proposons est disponible sous une forme filtr\u00e9e avec des particules de 80 \u03bcm \/ 187 mesh. Cette version \u00e0 filtre fin est principalement destin\u00e9e \u00e0 l'horticulture professionnelle o\u00f9 l'on utilise des syst\u00e8mes d'irrigation professionnels (tels que l'irrigation goutte \u00e0 goutte, les arroseurs, etc.) \u00e9quip\u00e9s de filtres plus fins. Le tamisage du produit exclut totalement le risque de colmatage pour la plupart des filtres de pr\u00e9cision disponibles sur le march\u00e9.<\/p>","protected":false},"excerpt":{"rendered":"<p style=\"margin-top: 0cm; background: white;\"><span style=\"font-family: 'Arial','sans-serif'; color: #3e3e3e;\">CARBOHUMIC est un extrait humique dense obtenu \u00e0 partir de lignite. La mati\u00e8re organique de la pr\u00e9paration existe sous forme liquide (acides humiques, humines) et sous forme solide (charbon actif, biochar). <\/span><\/p>","protected":false},"featured_media":13321,"template":"","meta":{"_jet_sm_ready_style":"","_jet_sm_style":"","_jet_sm_controls_values":"","_jet_sm_fonts_collection":"","_jet_sm_fonts_links":""},"product_brand":[],"product_cat":[393],"product_tag":[],"class_list":{"0":"post-14097","1":"product","2":"type-product","3":"status-publish","4":"has-post-thumbnail","6":"product_cat-koolstof-product","8":"first","9":"instock","10":"taxable","11":"shipping-taxable","12":"purchasable","13":"product-type-variable","14":"has-default-attributes"},"yoast_head":"<!-- This site is optimized with the Yoast SEO plugin v27.2 - https:\/\/yoast.com\/product\/yoast-seo-wordpress\/ -->\n<title>CarboHumic - Vena Vitae<\/title>\n<meta name=\"robots\" content=\"index, follow, max-snippet:-1, max-image-preview:large, max-video-preview:-1\" \/>\n<link rel=\"canonical\" href=\"https:\/\/www.venavitae.com\/fr\/onze-producten\/carbohumic\/\" \/>\n<meta property=\"og:locale\" content=\"fr_FR\" \/>\n<meta property=\"og:type\" content=\"article\" \/>\n<meta property=\"og:title\" content=\"CarboHumic - Vena Vitae\" \/>\n<meta property=\"og:description\" content=\"CARBOHUMIC is een dicht humusachtig extract verkregen uit bruinkool. De organische stof in het preparaat bestaat in vloeibare vorm (humuszuren, huminen) en in vaste vorm (actieve koolstof, biochar).\" \/>\n<meta property=\"og:url\" content=\"https:\/\/www.venavitae.com\/fr\/onze-producten\/carbohumic\/\" \/>\n<meta property=\"og:site_name\" content=\"Vena Vitae\" \/>\n<meta property=\"article:modified_time\" content=\"2022-01-13T07:55:18+00:00\" \/>\n<meta property=\"og:image\" content=\"https:\/\/www.venavitae.com\/wp-content\/uploads\/2021\/12\/CARBOHUMIC-20-LITER-nieuw-etiket.png\" \/>\n\t<meta property=\"og:image:width\" content=\"800\" \/>\n\t<meta property=\"og:image:height\" content=\"800\" \/>\n\t<meta property=\"og:image:type\" content=\"image\/png\" \/>\n<meta name=\"twitter:card\" content=\"summary_large_image\" \/>\n<meta name=\"twitter:label1\" content=\"Dur\u00e9e de lecture estim\u00e9e\" \/>\n\t<meta name=\"twitter:data1\" content=\"1 minute\" \/>\n<script type=\"application\/ld+json\" class=\"yoast-schema-graph\">{\"@context\":\"https:\/\/schema.org\",\"@graph\":[{\"@type\":\"WebPage\",\"@id\":\"https:\/\/www.venavitae.com\/onze-producten\/carbohumic\/\",\"url\":\"https:\/\/www.venavitae.com\/onze-producten\/carbohumic\/\",\"name\":\"CarboHumic - Vena Vitae\",\"isPartOf\":{\"@id\":\"https:\/\/www.venavitae.com\/#website\"},\"primaryImageOfPage\":{\"@id\":\"https:\/\/www.venavitae.com\/onze-producten\/carbohumic\/#primaryimage\"},\"image\":{\"@id\":\"https:\/\/www.venavitae.com\/onze-producten\/carbohumic\/#primaryimage\"},\"thumbnailUrl\":\"https:\/\/www.venavitae.com\/wp-content\/uploads\/2021\/12\/CARBOHUMIC-20-LITER-nieuw-etiket.png\",\"datePublished\":\"2021-12-20T10:33:58+00:00\",\"dateModified\":\"2022-01-13T07:55:18+00:00\",\"breadcrumb\":{\"@id\":\"https:\/\/www.venavitae.com\/onze-producten\/carbohumic\/#breadcrumb\"},\"inLanguage\":\"fr-FR\",\"potentialAction\":[{\"@type\":\"ReadAction\",\"target\":[\"https:\/\/www.venavitae.com\/onze-producten\/carbohumic\/\"]}]},{\"@type\":\"ImageObject\",\"inLanguage\":\"fr-FR\",\"@id\":\"https:\/\/www.venavitae.com\/onze-producten\/carbohumic\/#primaryimage\",\"url\":\"https:\/\/www.venavitae.com\/wp-content\/uploads\/2021\/12\/CARBOHUMIC-20-LITER-nieuw-etiket.png\",\"contentUrl\":\"https:\/\/www.venavitae.com\/wp-content\/uploads\/2021\/12\/CARBOHUMIC-20-LITER-nieuw-etiket.png\",\"width\":800,\"height\":800,\"caption\":\"20 liter\"},{\"@type\":\"BreadcrumbList\",\"@id\":\"https:\/\/www.venavitae.com\/onze-producten\/carbohumic\/#breadcrumb\",\"itemListElement\":[{\"@type\":\"ListItem\",\"position\":1,\"name\":\"Home\",\"item\":\"https:\/\/www.venavitae.com\/\"},{\"@type\":\"ListItem\",\"position\":2,\"name\":\"FAQ\",\"item\":\"https:\/\/www.venavitae.com\/?page_id=5339\"},{\"@type\":\"ListItem\",\"position\":3,\"name\":\"CarboHumic\"}]},{\"@type\":\"WebSite\",\"@id\":\"https:\/\/www.venavitae.com\/#website\",\"url\":\"https:\/\/www.venavitae.com\/\",\"name\":\"Vena Vitae\",\"description\":\"Empowering Growth\",\"publisher\":{\"@id\":\"https:\/\/www.venavitae.com\/#organization\"},\"potentialAction\":[{\"@type\":\"SearchAction\",\"target\":{\"@type\":\"EntryPoint\",\"urlTemplate\":\"https:\/\/www.venavitae.com\/?s={search_term_string}\"},\"query-input\":{\"@type\":\"PropertyValueSpecification\",\"valueRequired\":true,\"valueName\":\"search_term_string\"}}],\"inLanguage\":\"fr-FR\"},{\"@type\":\"Organization\",\"@id\":\"https:\/\/www.venavitae.com\/#organization\",\"name\":\"Vena Vitae Benelux B.V.\",\"url\":\"https:\/\/www.venavitae.com\/\",\"logo\":{\"@type\":\"ImageObject\",\"inLanguage\":\"fr-FR\",\"@id\":\"https:\/\/www.venavitae.com\/#\/schema\/logo\/image\/\",\"url\":\"https:\/\/www.venavitae.com\/wp-content\/uploads\/2021\/08\/512x512.png\",\"contentUrl\":\"https:\/\/www.venavitae.com\/wp-content\/uploads\/2021\/08\/512x512.png\",\"width\":512,\"height\":512,\"caption\":\"Vena Vitae Benelux B.V.\"},\"image\":{\"@id\":\"https:\/\/www.venavitae.com\/#\/schema\/logo\/image\/\"}}]}<\/script>\n<!-- \/ Yoast SEO plugin. -->","yoast_head_json":{"title":"CarboHumic - Vena Vitae","robots":{"index":"index","follow":"follow","max-snippet":"max-snippet:-1","max-image-preview":"max-image-preview:large","max-video-preview":"max-video-preview:-1"},"canonical":"https:\/\/www.venavitae.com\/fr\/onze-producten\/carbohumic\/","og_locale":"fr_FR","og_type":"article","og_title":"CarboHumic - Vena Vitae","og_description":"CARBOHUMIC is een dicht humusachtig extract verkregen uit bruinkool. De organische stof in het preparaat bestaat in vloeibare vorm (humuszuren, huminen) en in vaste vorm (actieve koolstof, biochar).","og_url":"https:\/\/www.venavitae.com\/fr\/onze-producten\/carbohumic\/","og_site_name":"Vena Vitae","article_modified_time":"2022-01-13T07:55:18+00:00","og_image":[{"width":800,"height":800,"url":"https:\/\/www.venavitae.com\/wp-content\/uploads\/2021\/12\/CARBOHUMIC-20-LITER-nieuw-etiket.png","type":"image\/png"}],"twitter_card":"summary_large_image","twitter_misc":{"Dur\u00e9e de lecture estim\u00e9e":"1 minute"},"schema":{"@context":"https:\/\/schema.org","@graph":[{"@type":"WebPage","@id":"https:\/\/www.venavitae.com\/onze-producten\/carbohumic\/","url":"https:\/\/www.venavitae.com\/onze-producten\/carbohumic\/","name":"CarboHumic - Vena Vitae","isPartOf":{"@id":"https:\/\/www.venavitae.com\/#website"},"primaryImageOfPage":{"@id":"https:\/\/www.venavitae.com\/onze-producten\/carbohumic\/#primaryimage"},"image":{"@id":"https:\/\/www.venavitae.com\/onze-producten\/carbohumic\/#primaryimage"},"thumbnailUrl":"https:\/\/www.venavitae.com\/wp-content\/uploads\/2021\/12\/CARBOHUMIC-20-LITER-nieuw-etiket.png","datePublished":"2021-12-20T10:33:58+00:00","dateModified":"2022-01-13T07:55:18+00:00","breadcrumb":{"@id":"https:\/\/www.venavitae.com\/onze-producten\/carbohumic\/#breadcrumb"},"inLanguage":"fr-FR","potentialAction":[{"@type":"ReadAction","target":["https:\/\/www.venavitae.com\/onze-producten\/carbohumic\/"]}]},{"@type":"ImageObject","inLanguage":"fr-FR","@id":"https:\/\/www.venavitae.com\/onze-producten\/carbohumic\/#primaryimage","url":"https:\/\/www.venavitae.com\/wp-content\/uploads\/2021\/12\/CARBOHUMIC-20-LITER-nieuw-etiket.png","contentUrl":"https:\/\/www.venavitae.com\/wp-content\/uploads\/2021\/12\/CARBOHUMIC-20-LITER-nieuw-etiket.png","width":800,"height":800,"caption":"20 liter"},{"@type":"BreadcrumbList","@id":"https:\/\/www.venavitae.com\/onze-producten\/carbohumic\/#breadcrumb","itemListElement":[{"@type":"ListItem","position":1,"name":"Home","item":"https:\/\/www.venavitae.com\/"},{"@type":"ListItem","position":2,"name":"FAQ","item":"https:\/\/www.venavitae.com\/?page_id=5339"},{"@type":"ListItem","position":3,"name":"CarboHumic"}]},{"@type":"WebSite","@id":"https:\/\/www.venavitae.com\/#website","url":"https:\/\/www.venavitae.com\/","name":"Vena Vitae","description":"Empowering Growth","publisher":{"@id":"https:\/\/www.venavitae.com\/#organization"},"potentialAction":[{"@type":"SearchAction","target":{"@type":"EntryPoint","urlTemplate":"https:\/\/www.venavitae.com\/?s={search_term_string}"},"query-input":{"@type":"PropertyValueSpecification","valueRequired":true,"valueName":"search_term_string"}}],"inLanguage":"fr-FR"},{"@type":"Organization","@id":"https:\/\/www.venavitae.com\/#organization","name":"Vena Vitae Benelux B.V.","url":"https:\/\/www.venavitae.com\/","logo":{"@type":"ImageObject","inLanguage":"fr-FR","@id":"https:\/\/www.venavitae.com\/#\/schema\/logo\/image\/","url":"https:\/\/www.venavitae.com\/wp-content\/uploads\/2021\/08\/512x512.png","contentUrl":"https:\/\/www.venavitae.com\/wp-content\/uploads\/2021\/08\/512x512.png","width":512,"height":512,"caption":"Vena Vitae Benelux B.V."},"image":{"@id":"https:\/\/www.venavitae.com\/#\/schema\/logo\/image\/"}}]}},"_links":{"self":[{"href":"https:\/\/www.venavitae.com\/fr\/wp-json\/wp\/v2\/product\/14097","targetHints":{"allow":["GET"]}}],"collection":[{"href":"https:\/\/www.venavitae.com\/fr\/wp-json\/wp\/v2\/product"}],"about":[{"href":"https:\/\/www.venavitae.com\/fr\/wp-json\/wp\/v2\/types\/product"}],"version-history":[{"count":0,"href":"https:\/\/www.venavitae.com\/fr\/wp-json\/wp\/v2\/product\/14097\/revisions"}],"wp:featuredmedia":[{"embeddable":true,"href":"https:\/\/www.venavitae.com\/fr\/wp-json\/wp\/v2\/media\/13321"}],"wp:attachment":[{"href":"https:\/\/www.venavitae.com\/fr\/wp-json\/wp\/v2\/media?parent=14097"}],"wp:term":[{"taxonomy":"product_brand","embeddable":true,"href":"https:\/\/www.venavitae.com\/fr\/wp-json\/wp\/v2\/product_brand?post=14097"},{"taxonomy":"product_cat","embeddable":true,"href":"https:\/\/www.venavitae.com\/fr\/wp-json\/wp\/v2\/product_cat?post=14097"},{"taxonomy":"product_tag","embeddable":true,"href":"https:\/\/www.venavitae.com\/fr\/wp-json\/wp\/v2\/product_tag?post=14097"}],"curies":[{"name":"wp","href":"https:\/\/api.w.org\/{rel}","templated":true}]}}