{"id":6451,"date":"2021-05-10T18:01:27","date_gmt":"2021-05-10T18:01:27","guid":{"rendered":"https:\/\/www.venavitae.com\/?post_type=product&#038;p=6451"},"modified":"2022-01-13T07:56:27","modified_gmt":"2022-01-13T07:56:27","slug":"natural-growth","status":"publish","type":"product","link":"https:\/\/www.venavitae.com\/fr\/onze-producten\/natural-growth\/","title":{"rendered":"Natural Growth"},"content":{"rendered":"<p>L'application de la croissance naturelle contribue donc \u00e0 la r\u00e9g\u00e9n\u00e9ration du sol. Cela conduit \u00e0 une meilleure gestion de l'humidit\u00e9 et \u00e0 une augmentation du pouvoir tampon de l'eau du sol. Cela augmente consid\u00e9rablement la tol\u00e9rance \u00e0 la s\u00e9cheresse des cultures.<\/p>\n<p>Les pulv\u00e9risations fr\u00e9quentes et r\u00e9p\u00e9t\u00e9es de Croissance Naturelle sur les cultures contribuent \u00e0 une photosynth\u00e8se plus active et plus forte, elles activent les r\u00e9cepteurs des plantes et r\u00e9duisent consid\u00e9rablement la pression des maladies fongiques.<\/p>\n<p>En outre, la croissance naturelle contribue \u00e0 une redistribution active des sucres dans la plante, de sorte qu'en fin de journ\u00e9e, le niveau de sucre dans la t\u00eate de la plante est rapidement et efficacement r\u00e9duit, rendant la plante beaucoup moins attrayante pour les ravageurs tels que les pucerons, les aleurodes et les thrips.<\/p>\n<p>En revanche, les agents de lutte biologique semblent se d\u00e9velopper beaucoup plus fortement gr\u00e2ce \u00e0 ce produit et se multiplient facilement dans la culture.<\/p>\n<p>Le traitement des semences avec Natural Growth non dilu\u00e9 entra\u00eene une augmentation remarquable de la vitesse de germination, du pourcentage de germination et assure une \u00e9mergence plus homog\u00e8ne des semis et une teneur en mati\u00e8re s\u00e8che visiblement plus \u00e9lev\u00e9e dans les semis.<\/p>","protected":false},"excerpt":{"rendered":"<p>La croissance naturelle est un substrat organique liquide plein de vie, cr\u00e9\u00e9 par la<br \/>\ntransformation naturelle de certains constituants v\u00e9g\u00e9taux et qu'en tant que<br \/>\nLe produit homog\u00e9n\u00e9is\u00e9 contribue \u00e0 une vie du sol plus active. Gr\u00e2ce \u00e0 la nature<br \/>\nLa croissance, c'est-\u00e0-dire la quantit\u00e9 de moisissures et de bact\u00e9ries actives dans l'environnement.<br \/>\nle sol de mani\u00e8re consid\u00e9rable. En outre, un effet symbiotique \u00e9vident peut \u00e9galement \u00eatre observ\u00e9.<br \/>\nobserv\u00e9e entre les exsudats racinaires excr\u00e9t\u00e9s par la plante et les<br \/>\nmicrobiome.<\/p>","protected":false},"featured_media":14009,"template":"elementor_header_footer","meta":{"_jet_sm_ready_style":"","_jet_sm_style":"","_jet_sm_controls_values":"","_jet_sm_fonts_collection":"","_jet_sm_fonts_links":""},"product_brand":[],"product_cat":[391],"product_tag":[],"class_list":{"0":"post-6451","1":"product","2":"type-product","3":"status-publish","4":"has-post-thumbnail","6":"product_cat-plant-supplementen","8":"first","9":"instock","10":"featured","11":"taxable","12":"shipping-taxable","13":"purchasable","14":"product-type-variable","15":"has-default-attributes"},"yoast_head":"<!-- This site is optimized with the Yoast SEO plugin v27.2 - https:\/\/yoast.com\/product\/yoast-seo-wordpress\/ -->\n<title>Natural Growth - Vena Vitae<\/title>\n<meta name=\"description\" content=\"Certified organic and biological supplement to improve allocation of the plant&#039;s sugers to improve plague resistance as well as crop growth.\" \/>\n<meta name=\"robots\" content=\"index, follow, max-snippet:-1, max-image-preview:large, max-video-preview:-1\" \/>\n<link rel=\"canonical\" href=\"https:\/\/www.venavitae.com\/fr\/onze-producten\/natural-growth\/\" \/>\n<meta property=\"og:locale\" content=\"fr_FR\" \/>\n<meta property=\"og:type\" content=\"article\" \/>\n<meta property=\"og:title\" content=\"Natural Growth - Vena Vitae\" \/>\n<meta property=\"og:description\" content=\"Certified organic and biological supplement to improve allocation of the plant&#039;s sugers to improve plague resistance as well as crop growth.\" \/>\n<meta property=\"og:url\" content=\"https:\/\/www.venavitae.com\/fr\/onze-producten\/natural-growth\/\" \/>\n<meta property=\"og:site_name\" content=\"Vena Vitae\" \/>\n<meta property=\"article:modified_time\" content=\"2022-01-13T07:56:27+00:00\" \/>\n<meta property=\"og:image\" content=\"https:\/\/www.venavitae.com\/wp-content\/uploads\/2021\/05\/Natural-Growth-20-LITER-etiket-1.png\" \/>\n\t<meta property=\"og:image:width\" content=\"800\" \/>\n\t<meta property=\"og:image:height\" content=\"800\" \/>\n\t<meta property=\"og:image:type\" content=\"image\/png\" \/>\n<meta name=\"twitter:card\" content=\"summary_large_image\" \/>\n<meta name=\"twitter:label1\" content=\"Dur\u00e9e de lecture estim\u00e9e\" \/>\n\t<meta name=\"twitter:data1\" content=\"1 minute\" \/>\n<script type=\"application\/ld+json\" class=\"yoast-schema-graph\">{\"@context\":\"https:\/\/schema.org\",\"@graph\":[{\"@type\":\"WebPage\",\"@id\":\"https:\/\/www.venavitae.com\/onze-producten\/natural-growth\/\",\"url\":\"https:\/\/www.venavitae.com\/onze-producten\/natural-growth\/\",\"name\":\"Natural Growth - Vena Vitae\",\"isPartOf\":{\"@id\":\"https:\/\/www.venavitae.com\/#website\"},\"primaryImageOfPage\":{\"@id\":\"https:\/\/www.venavitae.com\/onze-producten\/natural-growth\/#primaryimage\"},\"image\":{\"@id\":\"https:\/\/www.venavitae.com\/onze-producten\/natural-growth\/#primaryimage\"},\"thumbnailUrl\":\"https:\/\/www.venavitae.com\/wp-content\/uploads\/2021\/05\/Natural-Growth-20-LITER-etiket-1.png\",\"datePublished\":\"2021-05-10T18:01:27+00:00\",\"dateModified\":\"2022-01-13T07:56:27+00:00\",\"description\":\"Certified organic and biological supplement to improve allocation of the plant's sugers to improve plague resistance as well as crop growth.\",\"breadcrumb\":{\"@id\":\"https:\/\/www.venavitae.com\/onze-producten\/natural-growth\/#breadcrumb\"},\"inLanguage\":\"fr-FR\",\"potentialAction\":[{\"@type\":\"ReadAction\",\"target\":[\"https:\/\/www.venavitae.com\/onze-producten\/natural-growth\/\"]}]},{\"@type\":\"ImageObject\",\"inLanguage\":\"fr-FR\",\"@id\":\"https:\/\/www.venavitae.com\/onze-producten\/natural-growth\/#primaryimage\",\"url\":\"https:\/\/www.venavitae.com\/wp-content\/uploads\/2021\/05\/Natural-Growth-20-LITER-etiket-1.png\",\"contentUrl\":\"https:\/\/www.venavitae.com\/wp-content\/uploads\/2021\/05\/Natural-Growth-20-LITER-etiket-1.png\",\"width\":800,\"height\":800,\"caption\":\"Natural Growth 20 LITER etiket\"},{\"@type\":\"BreadcrumbList\",\"@id\":\"https:\/\/www.venavitae.com\/onze-producten\/natural-growth\/#breadcrumb\",\"itemListElement\":[{\"@type\":\"ListItem\",\"position\":1,\"name\":\"Home\",\"item\":\"https:\/\/www.venavitae.com\/\"},{\"@type\":\"ListItem\",\"position\":2,\"name\":\"FAQ\",\"item\":\"https:\/\/www.venavitae.com\/?page_id=5339\"},{\"@type\":\"ListItem\",\"position\":3,\"name\":\"Natural Growth\"}]},{\"@type\":\"WebSite\",\"@id\":\"https:\/\/www.venavitae.com\/#website\",\"url\":\"https:\/\/www.venavitae.com\/\",\"name\":\"Vena Vitae\",\"description\":\"Empowering Growth\",\"publisher\":{\"@id\":\"https:\/\/www.venavitae.com\/#organization\"},\"potentialAction\":[{\"@type\":\"SearchAction\",\"target\":{\"@type\":\"EntryPoint\",\"urlTemplate\":\"https:\/\/www.venavitae.com\/?s={search_term_string}\"},\"query-input\":{\"@type\":\"PropertyValueSpecification\",\"valueRequired\":true,\"valueName\":\"search_term_string\"}}],\"inLanguage\":\"fr-FR\"},{\"@type\":\"Organization\",\"@id\":\"https:\/\/www.venavitae.com\/#organization\",\"name\":\"Vena Vitae Benelux B.V.\",\"url\":\"https:\/\/www.venavitae.com\/\",\"logo\":{\"@type\":\"ImageObject\",\"inLanguage\":\"fr-FR\",\"@id\":\"https:\/\/www.venavitae.com\/#\/schema\/logo\/image\/\",\"url\":\"https:\/\/www.venavitae.com\/wp-content\/uploads\/2021\/08\/512x512.png\",\"contentUrl\":\"https:\/\/www.venavitae.com\/wp-content\/uploads\/2021\/08\/512x512.png\",\"width\":512,\"height\":512,\"caption\":\"Vena Vitae Benelux B.V.\"},\"image\":{\"@id\":\"https:\/\/www.venavitae.com\/#\/schema\/logo\/image\/\"}}]}<\/script>\n<!-- \/ Yoast SEO plugin. -->","yoast_head_json":{"title":"Croissance naturelle - Vena Vitae","description":"Suppl\u00e9ment biologique et certifi\u00e9 pour am\u00e9liorer l'allocation des sucres de la plante afin d'am\u00e9liorer la r\u00e9sistance \u00e0 la peste ainsi que la croissance des cultures.","robots":{"index":"index","follow":"follow","max-snippet":"max-snippet:-1","max-image-preview":"max-image-preview:large","max-video-preview":"max-video-preview:-1"},"canonical":"https:\/\/www.venavitae.com\/fr\/onze-producten\/natural-growth\/","og_locale":"fr_FR","og_type":"article","og_title":"Natural Growth - Vena Vitae","og_description":"Certified organic and biological supplement to improve allocation of the plant's sugers to improve plague resistance as well as crop growth.","og_url":"https:\/\/www.venavitae.com\/fr\/onze-producten\/natural-growth\/","og_site_name":"Vena Vitae","article_modified_time":"2022-01-13T07:56:27+00:00","og_image":[{"width":800,"height":800,"url":"https:\/\/www.venavitae.com\/wp-content\/uploads\/2021\/05\/Natural-Growth-20-LITER-etiket-1.png","type":"image\/png"}],"twitter_card":"summary_large_image","twitter_misc":{"Dur\u00e9e de lecture estim\u00e9e":"1 minute"},"schema":{"@context":"https:\/\/schema.org","@graph":[{"@type":"WebPage","@id":"https:\/\/www.venavitae.com\/onze-producten\/natural-growth\/","url":"https:\/\/www.venavitae.com\/onze-producten\/natural-growth\/","name":"Croissance naturelle - Vena Vitae","isPartOf":{"@id":"https:\/\/www.venavitae.com\/#website"},"primaryImageOfPage":{"@id":"https:\/\/www.venavitae.com\/onze-producten\/natural-growth\/#primaryimage"},"image":{"@id":"https:\/\/www.venavitae.com\/onze-producten\/natural-growth\/#primaryimage"},"thumbnailUrl":"https:\/\/www.venavitae.com\/wp-content\/uploads\/2021\/05\/Natural-Growth-20-LITER-etiket-1.png","datePublished":"2021-05-10T18:01:27+00:00","dateModified":"2022-01-13T07:56:27+00:00","description":"Suppl\u00e9ment biologique et certifi\u00e9 pour am\u00e9liorer l'allocation des sucres de la plante afin d'am\u00e9liorer la r\u00e9sistance \u00e0 la peste ainsi que la croissance des cultures.","breadcrumb":{"@id":"https:\/\/www.venavitae.com\/onze-producten\/natural-growth\/#breadcrumb"},"inLanguage":"fr-FR","potentialAction":[{"@type":"ReadAction","target":["https:\/\/www.venavitae.com\/onze-producten\/natural-growth\/"]}]},{"@type":"ImageObject","inLanguage":"fr-FR","@id":"https:\/\/www.venavitae.com\/onze-producten\/natural-growth\/#primaryimage","url":"https:\/\/www.venavitae.com\/wp-content\/uploads\/2021\/05\/Natural-Growth-20-LITER-etiket-1.png","contentUrl":"https:\/\/www.venavitae.com\/wp-content\/uploads\/2021\/05\/Natural-Growth-20-LITER-etiket-1.png","width":800,"height":800,"caption":"Natural Growth 20 LITER etiket"},{"@type":"BreadcrumbList","@id":"https:\/\/www.venavitae.com\/onze-producten\/natural-growth\/#breadcrumb","itemListElement":[{"@type":"ListItem","position":1,"name":"Home","item":"https:\/\/www.venavitae.com\/"},{"@type":"ListItem","position":2,"name":"FAQ","item":"https:\/\/www.venavitae.com\/?page_id=5339"},{"@type":"ListItem","position":3,"name":"Natural Growth"}]},{"@type":"WebSite","@id":"https:\/\/www.venavitae.com\/#website","url":"https:\/\/www.venavitae.com\/","name":"Vena Vitae","description":"Empowering Growth","publisher":{"@id":"https:\/\/www.venavitae.com\/#organization"},"potentialAction":[{"@type":"SearchAction","target":{"@type":"EntryPoint","urlTemplate":"https:\/\/www.venavitae.com\/?s={search_term_string}"},"query-input":{"@type":"PropertyValueSpecification","valueRequired":true,"valueName":"search_term_string"}}],"inLanguage":"fr-FR"},{"@type":"Organization","@id":"https:\/\/www.venavitae.com\/#organization","name":"Vena Vitae Benelux B.V.","url":"https:\/\/www.venavitae.com\/","logo":{"@type":"ImageObject","inLanguage":"fr-FR","@id":"https:\/\/www.venavitae.com\/#\/schema\/logo\/image\/","url":"https:\/\/www.venavitae.com\/wp-content\/uploads\/2021\/08\/512x512.png","contentUrl":"https:\/\/www.venavitae.com\/wp-content\/uploads\/2021\/08\/512x512.png","width":512,"height":512,"caption":"Vena Vitae Benelux B.V."},"image":{"@id":"https:\/\/www.venavitae.com\/#\/schema\/logo\/image\/"}}]}},"_links":{"self":[{"href":"https:\/\/www.venavitae.com\/fr\/wp-json\/wp\/v2\/product\/6451","targetHints":{"allow":["GET"]}}],"collection":[{"href":"https:\/\/www.venavitae.com\/fr\/wp-json\/wp\/v2\/product"}],"about":[{"href":"https:\/\/www.venavitae.com\/fr\/wp-json\/wp\/v2\/types\/product"}],"version-history":[{"count":0,"href":"https:\/\/www.venavitae.com\/fr\/wp-json\/wp\/v2\/product\/6451\/revisions"}],"wp:featuredmedia":[{"embeddable":true,"href":"https:\/\/www.venavitae.com\/fr\/wp-json\/wp\/v2\/media\/14009"}],"wp:attachment":[{"href":"https:\/\/www.venavitae.com\/fr\/wp-json\/wp\/v2\/media?parent=6451"}],"wp:term":[{"taxonomy":"product_brand","embeddable":true,"href":"https:\/\/www.venavitae.com\/fr\/wp-json\/wp\/v2\/product_brand?post=6451"},{"taxonomy":"product_cat","embeddable":true,"href":"https:\/\/www.venavitae.com\/fr\/wp-json\/wp\/v2\/product_cat?post=6451"},{"taxonomy":"product_tag","embeddable":true,"href":"https:\/\/www.venavitae.com\/fr\/wp-json\/wp\/v2\/product_tag?post=6451"}],"curies":[{"name":"wp","href":"https:\/\/api.w.org\/{rel}","templated":true}]}}