{"id":14771,"date":"2021-12-28T05:50:36","date_gmt":"2021-12-28T05:50:36","guid":{"rendered":"https:\/\/www.venavitae.com\/?page_id=14771"},"modified":"2021-12-28T05:53:18","modified_gmt":"2021-12-28T05:53:18","slug":"disclaimer","status":"publish","type":"page","link":"https:\/\/www.venavitae.com\/pl\/disclaimer\/","title":{"rendered":"Zastrze\u017cenie"},"content":{"rendered":"<div data-elementor-type=\"wp-page\" data-elementor-id=\"14771\" class=\"elementor elementor-14771\">\n\t\t\t\t\t\t<section class=\"elementor-section elementor-top-section elementor-element elementor-element-34d86bd elementor-section-height-min-height elementor-section-boxed elementor-section-height-default elementor-section-items-middle\" data-id=\"34d86bd\" data-element_type=\"section\" data-e-type=\"section\" data-settings=\"{&quot;background_background&quot;:&quot;classic&quot;}\">\n\t\t\t\t\t\t<div class=\"elementor-container elementor-column-gap-default\">\n\t\t\t\t\t<div class=\"elementor-column elementor-col-100 elementor-top-column elementor-element elementor-element-4678b96\" data-id=\"4678b96\" data-element_type=\"column\" data-e-type=\"column\" data-settings=\"{&quot;background_background&quot;:&quot;classic&quot;}\">\n\t\t\t<div class=\"elementor-widget-wrap elementor-element-populated\">\n\t\t\t\t\t\t<div class=\"elementor-element elementor-element-39ce829 elementor-widget elementor-widget-heading\" data-id=\"39ce829\" data-element_type=\"widget\" data-e-type=\"widget\" data-widget_type=\"heading.default\">\n\t\t\t\t<div class=\"elementor-widget-container\">\n\t\t\t\t\t<h1 class=\"elementor-heading-title elementor-size-default\">Zastrze\u017cenie<\/h1>\t\t\t\t<\/div>\n\t\t\t\t<\/div>\n\t\t\t\t\t<\/div>\n\t\t<\/div>\n\t\t\t\t\t<\/div>\n\t\t<\/section>\n\t\t\t\t<section class=\"elementor-section elementor-top-section elementor-element elementor-element-b6d5742 elementor-section-boxed elementor-section-height-default elementor-section-height-default\" data-id=\"b6d5742\" data-element_type=\"section\" data-e-type=\"section\">\n\t\t\t\t\t\t<div class=\"elementor-container elementor-column-gap-default\">\n\t\t\t\t\t<div class=\"elementor-column elementor-col-100 elementor-top-column elementor-element elementor-element-01c477a\" data-id=\"01c477a\" data-element_type=\"column\" data-e-type=\"column\">\n\t\t\t<div class=\"elementor-widget-wrap elementor-element-populated\">\n\t\t\t\t\t\t<div class=\"elementor-element elementor-element-bf6fb0d elementor-widget elementor-widget-text-editor\" data-id=\"bf6fb0d\" data-element_type=\"widget\" data-e-type=\"widget\" data-widget_type=\"text-editor.default\">\n\t\t\t\t<div class=\"elementor-widget-container\">\n\t\t\t\t\t\t\t\t\t<p class=\"translation-block\"><b>W\u0142asno\u015b\u0107 intelektualna<\/b><\/p><p>Korzystanie z informacji zawartych na tej stronie jest bezp\u0142atne pod warunkiem, \u017ce nie b\u0119d\u0105 one kopiowane, rozpowszechniane lub w jakikolwiek inny spos\u00f3b wykorzystywane lub nadu\u017cywane. Informacje zawarte na tej stronie mog\u0105 by\u0107 wykorzystywane wy\u0142\u0105cznie zgodnie z przepisami obowi\u0105zuj\u0105cego prawa.<\/p><p>Bez wyra\u017anej pisemnej zgody Vena Vitae Benelux B.V. nie jest dozwolone ponowne wykorzystywanie tekst\u00f3w, zdj\u0119\u0107 lub innych materia\u0142\u00f3w na tej stronie internetowej. W\u0142asno\u015b\u0107 intelektualna nale\u017cy do Vena Vitae Benelux B.V.<\/p><p><strong>Brak gwarancji poprawno\u015bci<\/strong><\/p><p>W odniesieniu do cen podanych na naszej stronie internetowej, staramy si\u0119 jak najdok\u0142adniej odzwierciedla\u0107 rzeczywisto\u015b\u0107 i ceny, o kt\u00f3rych mowa. B\u0142\u0119dy, kt\u00f3re powstaj\u0105 i s\u0105 rozpoznawalne jako b\u0142\u0119dy programistyczne lub literowe, nigdy nie stanowi\u0105 powodu do roszcze\u0144 lub przej\u0119cia umowy lub porozumienia z nami.<\/p><p><span style=\"font-style: inherit;\" data-toggle=\"tooltip\" data-placement=\"top\" data-original-title=\"Vul alstublieft in Bedrijfsnaam\">\u00a0Vena Vitae Benelux B.V. dok\u0142ada wszelkich stara\u0144, aby ta strona by\u0142a jak najbardziej aktualna. Je\u017celi mimo tych stara\u0144 informacje lub tre\u015bci zawarte na tej stronie internetowej s\u0105 niekompletne lub nieprawid\u0142owe, nie ponosimy za to \u017cadnej odpowiedzialno\u015bci.<\/span><\/p><p>Informacje i\/lub produkty na tej stronie s\u0105 oferowane bez jakiejkolwiek formy gwarancji lub roszczenia do dok\u0142adno\u015bci. Zastrzegamy sobie prawo do zmiany, usuni\u0119cia lub ponownego umieszczenia tych materia\u0142\u00f3w bez uprzedzenia.\u00a0 Vena Vitae Benelux B.V. nie ponosi odpowiedzialno\u015bci za \u017cadne informacje zawarte na tej stronie internetowej, do kt\u00f3rej odsy\u0142aj\u0105 hiper\u0142\u0105cza.<\/p>\t\t\t\t\t\t\t\t<\/div>\n\t\t\t\t<\/div>\n\t\t\t\t\t<\/div>\n\t\t<\/div>\n\t\t\t\t\t<\/div>\n\t\t<\/section>\n\t\t\t\t<\/div>","protected":false},"excerpt":{"rendered":"<p>Disclaimer Intellectueel\u00a0eigendom Het gebruik van de informatie op deze website is gratis zolang u deze informatie niet kopieert, verspreidt of op een andere manier gebruikt of misbruikt. U mag de informatie op deze website alleen hergebruiken volgens de regelingen van het dwingend recht. Zonder uitdrukkelijke schriftelijke toestemming van Vena Vitae Benelux B.V.\u00a0 is het niet [&hellip;]<\/p>\n","protected":false},"author":1,"featured_media":0,"parent":0,"menu_order":0,"comment_status":"closed","ping_status":"closed","template":"elementor_header_footer","meta":{"_jet_sm_ready_style":"","_jet_sm_style":"","_jet_sm_controls_values":"","_jet_sm_fonts_collection":"","_jet_sm_fonts_links":"","footnotes":""},"class_list":["post-14771","page","type-page","status-publish","hentry"],"yoast_head":"<!-- This site is optimized with the Yoast SEO plugin v27.2 - https:\/\/yoast.com\/product\/yoast-seo-wordpress\/ -->\n<title>Disclaimer - Vena Vitae<\/title>\n<meta name=\"robots\" content=\"index, follow, max-snippet:-1, max-image-preview:large, max-video-preview:-1\" \/>\n<link rel=\"canonical\" href=\"https:\/\/www.venavitae.com\/pl\/zastrzezenie\/\" \/>\n<meta property=\"og:locale\" content=\"pl_PL\" \/>\n<meta property=\"og:type\" content=\"article\" \/>\n<meta property=\"og:title\" content=\"Disclaimer - Vena Vitae\" \/>\n<meta property=\"og:description\" content=\"Disclaimer Intellectueel\u00a0eigendom Het gebruik van de informatie op deze website is gratis zolang u deze informatie niet kopieert, verspreidt of op een andere manier gebruikt of misbruikt. U mag de informatie op deze website alleen hergebruiken volgens de regelingen van het dwingend recht. Zonder uitdrukkelijke schriftelijke toestemming van Vena Vitae Benelux B.V.\u00a0 is het niet [&hellip;]\" \/>\n<meta property=\"og:url\" content=\"https:\/\/www.venavitae.com\/pl\/zastrzezenie\/\" \/>\n<meta property=\"og:site_name\" content=\"Vena Vitae\" \/>\n<meta property=\"article:modified_time\" content=\"2021-12-28T05:53:18+00:00\" \/>\n<meta name=\"twitter:card\" content=\"summary_large_image\" \/>\n<meta name=\"twitter:label1\" content=\"Szacowany czas czytania\" \/>\n\t<meta name=\"twitter:data1\" content=\"2 minuty\" \/>\n<script type=\"application\/ld+json\" class=\"yoast-schema-graph\">{\"@context\":\"https:\/\/schema.org\",\"@graph\":[{\"@type\":\"WebPage\",\"@id\":\"https:\/\/www.venavitae.com\/disclaimer\/\",\"url\":\"https:\/\/www.venavitae.com\/disclaimer\/\",\"name\":\"Disclaimer - Vena Vitae\",\"isPartOf\":{\"@id\":\"https:\/\/www.venavitae.com\/#website\"},\"datePublished\":\"2021-12-28T05:50:36+00:00\",\"dateModified\":\"2021-12-28T05:53:18+00:00\",\"breadcrumb\":{\"@id\":\"https:\/\/www.venavitae.com\/disclaimer\/#breadcrumb\"},\"inLanguage\":\"pl-PL\",\"potentialAction\":[{\"@type\":\"ReadAction\",\"target\":[\"https:\/\/www.venavitae.com\/disclaimer\/\"]}]},{\"@type\":\"BreadcrumbList\",\"@id\":\"https:\/\/www.venavitae.com\/disclaimer\/#breadcrumb\",\"itemListElement\":[{\"@type\":\"ListItem\",\"position\":1,\"name\":\"Home\",\"item\":\"https:\/\/www.venavitae.com\/\"},{\"@type\":\"ListItem\",\"position\":2,\"name\":\"Disclaimer\"}]},{\"@type\":\"WebSite\",\"@id\":\"https:\/\/www.venavitae.com\/#website\",\"url\":\"https:\/\/www.venavitae.com\/\",\"name\":\"Vena Vitae\",\"description\":\"Empowering Growth\",\"publisher\":{\"@id\":\"https:\/\/www.venavitae.com\/#organization\"},\"potentialAction\":[{\"@type\":\"SearchAction\",\"target\":{\"@type\":\"EntryPoint\",\"urlTemplate\":\"https:\/\/www.venavitae.com\/?s={search_term_string}\"},\"query-input\":{\"@type\":\"PropertyValueSpecification\",\"valueRequired\":true,\"valueName\":\"search_term_string\"}}],\"inLanguage\":\"pl-PL\"},{\"@type\":\"Organization\",\"@id\":\"https:\/\/www.venavitae.com\/#organization\",\"name\":\"Vena Vitae Benelux B.V.\",\"url\":\"https:\/\/www.venavitae.com\/\",\"logo\":{\"@type\":\"ImageObject\",\"inLanguage\":\"pl-PL\",\"@id\":\"https:\/\/www.venavitae.com\/#\/schema\/logo\/image\/\",\"url\":\"https:\/\/www.venavitae.com\/wp-content\/uploads\/2021\/08\/512x512.png\",\"contentUrl\":\"https:\/\/www.venavitae.com\/wp-content\/uploads\/2021\/08\/512x512.png\",\"width\":512,\"height\":512,\"caption\":\"Vena Vitae Benelux B.V.\"},\"image\":{\"@id\":\"https:\/\/www.venavitae.com\/#\/schema\/logo\/image\/\"}}]}<\/script>\n<!-- \/ Yoast SEO plugin. -->","yoast_head_json":{"title":"Zrzeczenie si\u0119 odpowiedzialno\u015bci - Vena Vitae","robots":{"index":"index","follow":"follow","max-snippet":"max-snippet:-1","max-image-preview":"max-image-preview:large","max-video-preview":"max-video-preview:-1"},"canonical":"https:\/\/www.venavitae.com\/pl\/zastrzezenie\/","og_locale":"pl_PL","og_type":"article","og_title":"Disclaimer - Vena Vitae","og_description":"Disclaimer Intellectueel\u00a0eigendom Het gebruik van de informatie op deze website is gratis zolang u deze informatie niet kopieert, verspreidt of op een andere manier gebruikt of misbruikt. U mag de informatie op deze website alleen hergebruiken volgens de regelingen van het dwingend recht. Zonder uitdrukkelijke schriftelijke toestemming van Vena Vitae Benelux B.V.\u00a0 is het niet [&hellip;]","og_url":"https:\/\/www.venavitae.com\/pl\/zastrzezenie\/","og_site_name":"Vena Vitae","article_modified_time":"2021-12-28T05:53:18+00:00","twitter_card":"summary_large_image","twitter_misc":{"Szacowany czas czytania":"2 minuty"},"schema":{"@context":"https:\/\/schema.org","@graph":[{"@type":"WebPage","@id":"https:\/\/www.venavitae.com\/disclaimer\/","url":"https:\/\/www.venavitae.com\/disclaimer\/","name":"Zrzeczenie si\u0119 odpowiedzialno\u015bci - Vena Vitae","isPartOf":{"@id":"https:\/\/www.venavitae.com\/#website"},"datePublished":"2021-12-28T05:50:36+00:00","dateModified":"2021-12-28T05:53:18+00:00","breadcrumb":{"@id":"https:\/\/www.venavitae.com\/disclaimer\/#breadcrumb"},"inLanguage":"pl-PL","potentialAction":[{"@type":"ReadAction","target":["https:\/\/www.venavitae.com\/disclaimer\/"]}]},{"@type":"BreadcrumbList","@id":"https:\/\/www.venavitae.com\/disclaimer\/#breadcrumb","itemListElement":[{"@type":"ListItem","position":1,"name":"Home","item":"https:\/\/www.venavitae.com\/"},{"@type":"ListItem","position":2,"name":"Disclaimer"}]},{"@type":"WebSite","@id":"https:\/\/www.venavitae.com\/#website","url":"https:\/\/www.venavitae.com\/","name":"Vena Vitae","description":"Empowering Growth","publisher":{"@id":"https:\/\/www.venavitae.com\/#organization"},"potentialAction":[{"@type":"SearchAction","target":{"@type":"EntryPoint","urlTemplate":"https:\/\/www.venavitae.com\/?s={search_term_string}"},"query-input":{"@type":"PropertyValueSpecification","valueRequired":true,"valueName":"search_term_string"}}],"inLanguage":"pl-PL"},{"@type":"Organization","@id":"https:\/\/www.venavitae.com\/#organization","name":"Vena Vitae Benelux B.V.","url":"https:\/\/www.venavitae.com\/","logo":{"@type":"ImageObject","inLanguage":"pl-PL","@id":"https:\/\/www.venavitae.com\/#\/schema\/logo\/image\/","url":"https:\/\/www.venavitae.com\/wp-content\/uploads\/2021\/08\/512x512.png","contentUrl":"https:\/\/www.venavitae.com\/wp-content\/uploads\/2021\/08\/512x512.png","width":512,"height":512,"caption":"Vena Vitae Benelux B.V."},"image":{"@id":"https:\/\/www.venavitae.com\/#\/schema\/logo\/image\/"}}]}},"_links":{"self":[{"href":"https:\/\/www.venavitae.com\/pl\/wp-json\/wp\/v2\/pages\/14771","targetHints":{"allow":["GET"]}}],"collection":[{"href":"https:\/\/www.venavitae.com\/pl\/wp-json\/wp\/v2\/pages"}],"about":[{"href":"https:\/\/www.venavitae.com\/pl\/wp-json\/wp\/v2\/types\/page"}],"author":[{"embeddable":true,"href":"https:\/\/www.venavitae.com\/pl\/wp-json\/wp\/v2\/users\/1"}],"replies":[{"embeddable":true,"href":"https:\/\/www.venavitae.com\/pl\/wp-json\/wp\/v2\/comments?post=14771"}],"version-history":[{"count":0,"href":"https:\/\/www.venavitae.com\/pl\/wp-json\/wp\/v2\/pages\/14771\/revisions"}],"wp:attachment":[{"href":"https:\/\/www.venavitae.com\/pl\/wp-json\/wp\/v2\/media?parent=14771"}],"curies":[{"name":"wp","href":"https:\/\/api.w.org\/{rel}","templated":true}]}}