{"id":6451,"date":"2021-05-10T18:01:27","date_gmt":"2021-05-10T18:01:27","guid":{"rendered":"https:\/\/www.venavitae.com\/?post_type=product&#038;p=6451"},"modified":"2022-01-13T07:56:27","modified_gmt":"2022-01-13T07:56:27","slug":"natural-growth","status":"publish","type":"product","link":"https:\/\/www.venavitae.com\/pl\/onze-producten\/natural-growth\/","title":{"rendered":"Natural Growth"},"content":{"rendered":"<p>Zastosowanie Natural Growth przyczynia si\u0119 zatem do regeneracji gleby. Prowadzi to do lepszego zarz\u0105dzania wilgoci\u0105 i zwi\u0119kszenia zdolno\u015bci buforowania wody przez gleb\u0119. Dzi\u0119ki temu znacznie zwi\u0119ksza si\u0119 tolerancja ro\u015blin na susz\u0119.<\/p>\n<p>Cz\u0119ste, wielokrotne opryskiwanie upraw preparatem Natural Growth przyczynia si\u0119 do aktywniejszej i silniejszej fotosyntezy, w\u0142\u0105cza receptory ro\u015blinne i znacznie zmniejsza presj\u0119 chor\u00f3b grzybowych.<\/p>\n<p>Co wi\u0119cej, Natural Growth przyczynia si\u0119 do aktywnej redystrybucji cukr\u00f3w w ro\u015blinie, dzi\u0119ki czemu pod koniec dnia poziom cukru w g\u0142\u00f3wce ro\u015bliny jest szybko i skutecznie obni\u017cany, co czyni ro\u015blin\u0119 znacznie mniej atrakcyjn\u0105 dla szkodnik\u00f3w, takich jak mszyce, m\u0105czliki i wciornastki.<\/p>\n<p>Z kolei biologiczne czynniki zwalczaj\u0105ce wydaj\u0105 si\u0119 rozwija\u0107 znacznie silniej pod wp\u0142ywem tego produktu i \u0142atwo namna\u017caj\u0105 si\u0119 w uprawach.<\/p>\n<p>Zaprawianie nasion nierozcie\u0144czonym preparatem Natural Growth prowadzi do znacznego zwi\u0119kszenia szybko\u015bci kie\u0142kowania, procentu kie\u0142kowania i zapewnia bardziej jednorodne wschody siewek oraz wyra\u017anie wy\u017csz\u0105 zawarto\u015b\u0107 suchej masy w siewkach.<\/p>","protected":false},"excerpt":{"rendered":"<p>Natural Growth jest p\u0142ynnym, organicznym pod\u0142o\u017cem pe\u0142nym \u017cycia, stworzonym przez<br \/>\nnaturaln\u0105 przemian\u0119 niekt\u00f3rych sk\u0142adnik\u00f3w ro\u015blinnych i \u017ce jako<br \/>\nhomogenizowany produkt przyczynia si\u0119 do bardziej aktywnego \u017cycia gleby. Poprzez naturalne<br \/>\nWzrost, ilo\u015b\u0107 aktywnych ple\u015bni i bakterii w<br \/>\ngleby w znacznym stopniu. Ponadto mo\u017cna r\u00f3wnie\u017c zaobserwowa\u0107 wyra\u017any efekt symbiotyczny<br \/>\nzaobserwowano mi\u0119dzy wysi\u0119kami korzeniowymi wydalanymi przez ro\u015blin\u0119 a<br \/>\nmikrobiom.<\/p>","protected":false},"featured_media":14009,"template":"elementor_header_footer","meta":{"_jet_sm_ready_style":"","_jet_sm_style":"","_jet_sm_controls_values":"","_jet_sm_fonts_collection":"","_jet_sm_fonts_links":""},"product_brand":[],"product_cat":[391],"product_tag":[],"class_list":{"0":"post-6451","1":"product","2":"type-product","3":"status-publish","4":"has-post-thumbnail","6":"product_cat-plant-supplementen","8":"first","9":"instock","10":"featured","11":"taxable","12":"shipping-taxable","13":"purchasable","14":"product-type-variable","15":"has-default-attributes"},"yoast_head":"<!-- This site is optimized with the Yoast SEO plugin v27.2 - https:\/\/yoast.com\/product\/yoast-seo-wordpress\/ -->\n<title>Natural Growth - Vena Vitae<\/title>\n<meta name=\"description\" content=\"Certified organic and biological supplement to improve allocation of the plant&#039;s sugers to improve plague resistance as well as crop growth.\" \/>\n<meta name=\"robots\" content=\"index, follow, max-snippet:-1, max-image-preview:large, max-video-preview:-1\" \/>\n<link rel=\"canonical\" href=\"https:\/\/www.venavitae.com\/pl\/onze-producten\/natural-growth\/\" \/>\n<meta property=\"og:locale\" content=\"pl_PL\" \/>\n<meta property=\"og:type\" content=\"article\" \/>\n<meta property=\"og:title\" content=\"Natural Growth - Vena Vitae\" \/>\n<meta property=\"og:description\" content=\"Certified organic and biological supplement to improve allocation of the plant&#039;s sugers to improve plague resistance as well as crop growth.\" \/>\n<meta property=\"og:url\" content=\"https:\/\/www.venavitae.com\/pl\/onze-producten\/natural-growth\/\" \/>\n<meta property=\"og:site_name\" content=\"Vena Vitae\" \/>\n<meta property=\"article:modified_time\" content=\"2022-01-13T07:56:27+00:00\" \/>\n<meta property=\"og:image\" content=\"https:\/\/www.venavitae.com\/wp-content\/uploads\/2021\/05\/Natural-Growth-20-LITER-etiket-1.png\" \/>\n\t<meta property=\"og:image:width\" content=\"800\" \/>\n\t<meta property=\"og:image:height\" content=\"800\" \/>\n\t<meta property=\"og:image:type\" content=\"image\/png\" \/>\n<meta name=\"twitter:card\" content=\"summary_large_image\" \/>\n<meta name=\"twitter:label1\" content=\"Szacowany czas czytania\" \/>\n\t<meta name=\"twitter:data1\" content=\"1 minuta\" \/>\n<script type=\"application\/ld+json\" class=\"yoast-schema-graph\">{\"@context\":\"https:\/\/schema.org\",\"@graph\":[{\"@type\":\"WebPage\",\"@id\":\"https:\/\/www.venavitae.com\/onze-producten\/natural-growth\/\",\"url\":\"https:\/\/www.venavitae.com\/onze-producten\/natural-growth\/\",\"name\":\"Natural Growth - Vena Vitae\",\"isPartOf\":{\"@id\":\"https:\/\/www.venavitae.com\/#website\"},\"primaryImageOfPage\":{\"@id\":\"https:\/\/www.venavitae.com\/onze-producten\/natural-growth\/#primaryimage\"},\"image\":{\"@id\":\"https:\/\/www.venavitae.com\/onze-producten\/natural-growth\/#primaryimage\"},\"thumbnailUrl\":\"https:\/\/www.venavitae.com\/wp-content\/uploads\/2021\/05\/Natural-Growth-20-LITER-etiket-1.png\",\"datePublished\":\"2021-05-10T18:01:27+00:00\",\"dateModified\":\"2022-01-13T07:56:27+00:00\",\"description\":\"Certified organic and biological supplement to improve allocation of the plant's sugers to improve plague resistance as well as crop growth.\",\"breadcrumb\":{\"@id\":\"https:\/\/www.venavitae.com\/onze-producten\/natural-growth\/#breadcrumb\"},\"inLanguage\":\"pl-PL\",\"potentialAction\":[{\"@type\":\"ReadAction\",\"target\":[\"https:\/\/www.venavitae.com\/onze-producten\/natural-growth\/\"]}]},{\"@type\":\"ImageObject\",\"inLanguage\":\"pl-PL\",\"@id\":\"https:\/\/www.venavitae.com\/onze-producten\/natural-growth\/#primaryimage\",\"url\":\"https:\/\/www.venavitae.com\/wp-content\/uploads\/2021\/05\/Natural-Growth-20-LITER-etiket-1.png\",\"contentUrl\":\"https:\/\/www.venavitae.com\/wp-content\/uploads\/2021\/05\/Natural-Growth-20-LITER-etiket-1.png\",\"width\":800,\"height\":800,\"caption\":\"Natural Growth 20 LITER etiket\"},{\"@type\":\"BreadcrumbList\",\"@id\":\"https:\/\/www.venavitae.com\/onze-producten\/natural-growth\/#breadcrumb\",\"itemListElement\":[{\"@type\":\"ListItem\",\"position\":1,\"name\":\"Home\",\"item\":\"https:\/\/www.venavitae.com\/\"},{\"@type\":\"ListItem\",\"position\":2,\"name\":\"FAQ\",\"item\":\"https:\/\/www.venavitae.com\/?page_id=5339\"},{\"@type\":\"ListItem\",\"position\":3,\"name\":\"Natural Growth\"}]},{\"@type\":\"WebSite\",\"@id\":\"https:\/\/www.venavitae.com\/#website\",\"url\":\"https:\/\/www.venavitae.com\/\",\"name\":\"Vena Vitae\",\"description\":\"Empowering Growth\",\"publisher\":{\"@id\":\"https:\/\/www.venavitae.com\/#organization\"},\"potentialAction\":[{\"@type\":\"SearchAction\",\"target\":{\"@type\":\"EntryPoint\",\"urlTemplate\":\"https:\/\/www.venavitae.com\/?s={search_term_string}\"},\"query-input\":{\"@type\":\"PropertyValueSpecification\",\"valueRequired\":true,\"valueName\":\"search_term_string\"}}],\"inLanguage\":\"pl-PL\"},{\"@type\":\"Organization\",\"@id\":\"https:\/\/www.venavitae.com\/#organization\",\"name\":\"Vena Vitae Benelux B.V.\",\"url\":\"https:\/\/www.venavitae.com\/\",\"logo\":{\"@type\":\"ImageObject\",\"inLanguage\":\"pl-PL\",\"@id\":\"https:\/\/www.venavitae.com\/#\/schema\/logo\/image\/\",\"url\":\"https:\/\/www.venavitae.com\/wp-content\/uploads\/2021\/08\/512x512.png\",\"contentUrl\":\"https:\/\/www.venavitae.com\/wp-content\/uploads\/2021\/08\/512x512.png\",\"width\":512,\"height\":512,\"caption\":\"Vena Vitae Benelux B.V.\"},\"image\":{\"@id\":\"https:\/\/www.venavitae.com\/#\/schema\/logo\/image\/\"}}]}<\/script>\n<!-- \/ Yoast SEO plugin. -->","yoast_head_json":{"title":"Przyrost naturalny - Vena Vitae","description":"Certyfikowany organiczny i biologiczny suplement poprawiaj\u0105cy alokacj\u0119 cukr\u00f3w w ro\u015blinie w celu zwi\u0119kszenia odporno\u015bci na zaraz\u0119, jak r\u00f3wnie\u017c wzrostu upraw.","robots":{"index":"index","follow":"follow","max-snippet":"max-snippet:-1","max-image-preview":"max-image-preview:large","max-video-preview":"max-video-preview:-1"},"canonical":"https:\/\/www.venavitae.com\/pl\/onze-producten\/natural-growth\/","og_locale":"pl_PL","og_type":"article","og_title":"Natural Growth - Vena Vitae","og_description":"Certified organic and biological supplement to improve allocation of the plant's sugers to improve plague resistance as well as crop growth.","og_url":"https:\/\/www.venavitae.com\/pl\/onze-producten\/natural-growth\/","og_site_name":"Vena Vitae","article_modified_time":"2022-01-13T07:56:27+00:00","og_image":[{"width":800,"height":800,"url":"https:\/\/www.venavitae.com\/wp-content\/uploads\/2021\/05\/Natural-Growth-20-LITER-etiket-1.png","type":"image\/png"}],"twitter_card":"summary_large_image","twitter_misc":{"Szacowany czas czytania":"1 minuta"},"schema":{"@context":"https:\/\/schema.org","@graph":[{"@type":"WebPage","@id":"https:\/\/www.venavitae.com\/onze-producten\/natural-growth\/","url":"https:\/\/www.venavitae.com\/onze-producten\/natural-growth\/","name":"Przyrost naturalny - Vena Vitae","isPartOf":{"@id":"https:\/\/www.venavitae.com\/#website"},"primaryImageOfPage":{"@id":"https:\/\/www.venavitae.com\/onze-producten\/natural-growth\/#primaryimage"},"image":{"@id":"https:\/\/www.venavitae.com\/onze-producten\/natural-growth\/#primaryimage"},"thumbnailUrl":"https:\/\/www.venavitae.com\/wp-content\/uploads\/2021\/05\/Natural-Growth-20-LITER-etiket-1.png","datePublished":"2021-05-10T18:01:27+00:00","dateModified":"2022-01-13T07:56:27+00:00","description":"Certyfikowany organiczny i biologiczny suplement poprawiaj\u0105cy alokacj\u0119 cukr\u00f3w w ro\u015blinie w celu zwi\u0119kszenia odporno\u015bci na zaraz\u0119, jak r\u00f3wnie\u017c wzrostu upraw.","breadcrumb":{"@id":"https:\/\/www.venavitae.com\/onze-producten\/natural-growth\/#breadcrumb"},"inLanguage":"pl-PL","potentialAction":[{"@type":"ReadAction","target":["https:\/\/www.venavitae.com\/onze-producten\/natural-growth\/"]}]},{"@type":"ImageObject","inLanguage":"pl-PL","@id":"https:\/\/www.venavitae.com\/onze-producten\/natural-growth\/#primaryimage","url":"https:\/\/www.venavitae.com\/wp-content\/uploads\/2021\/05\/Natural-Growth-20-LITER-etiket-1.png","contentUrl":"https:\/\/www.venavitae.com\/wp-content\/uploads\/2021\/05\/Natural-Growth-20-LITER-etiket-1.png","width":800,"height":800,"caption":"Natural Growth 20 LITER etiket"},{"@type":"BreadcrumbList","@id":"https:\/\/www.venavitae.com\/onze-producten\/natural-growth\/#breadcrumb","itemListElement":[{"@type":"ListItem","position":1,"name":"Home","item":"https:\/\/www.venavitae.com\/"},{"@type":"ListItem","position":2,"name":"FAQ","item":"https:\/\/www.venavitae.com\/?page_id=5339"},{"@type":"ListItem","position":3,"name":"Natural Growth"}]},{"@type":"WebSite","@id":"https:\/\/www.venavitae.com\/#website","url":"https:\/\/www.venavitae.com\/","name":"Vena Vitae","description":"Empowering Growth","publisher":{"@id":"https:\/\/www.venavitae.com\/#organization"},"potentialAction":[{"@type":"SearchAction","target":{"@type":"EntryPoint","urlTemplate":"https:\/\/www.venavitae.com\/?s={search_term_string}"},"query-input":{"@type":"PropertyValueSpecification","valueRequired":true,"valueName":"search_term_string"}}],"inLanguage":"pl-PL"},{"@type":"Organization","@id":"https:\/\/www.venavitae.com\/#organization","name":"Vena Vitae Benelux B.V.","url":"https:\/\/www.venavitae.com\/","logo":{"@type":"ImageObject","inLanguage":"pl-PL","@id":"https:\/\/www.venavitae.com\/#\/schema\/logo\/image\/","url":"https:\/\/www.venavitae.com\/wp-content\/uploads\/2021\/08\/512x512.png","contentUrl":"https:\/\/www.venavitae.com\/wp-content\/uploads\/2021\/08\/512x512.png","width":512,"height":512,"caption":"Vena Vitae Benelux B.V."},"image":{"@id":"https:\/\/www.venavitae.com\/#\/schema\/logo\/image\/"}}]}},"_links":{"self":[{"href":"https:\/\/www.venavitae.com\/pl\/wp-json\/wp\/v2\/product\/6451","targetHints":{"allow":["GET"]}}],"collection":[{"href":"https:\/\/www.venavitae.com\/pl\/wp-json\/wp\/v2\/product"}],"about":[{"href":"https:\/\/www.venavitae.com\/pl\/wp-json\/wp\/v2\/types\/product"}],"version-history":[{"count":0,"href":"https:\/\/www.venavitae.com\/pl\/wp-json\/wp\/v2\/product\/6451\/revisions"}],"wp:featuredmedia":[{"embeddable":true,"href":"https:\/\/www.venavitae.com\/pl\/wp-json\/wp\/v2\/media\/14009"}],"wp:attachment":[{"href":"https:\/\/www.venavitae.com\/pl\/wp-json\/wp\/v2\/media?parent=6451"}],"wp:term":[{"taxonomy":"product_brand","embeddable":true,"href":"https:\/\/www.venavitae.com\/pl\/wp-json\/wp\/v2\/product_brand?post=6451"},{"taxonomy":"product_cat","embeddable":true,"href":"https:\/\/www.venavitae.com\/pl\/wp-json\/wp\/v2\/product_cat?post=6451"},{"taxonomy":"product_tag","embeddable":true,"href":"https:\/\/www.venavitae.com\/pl\/wp-json\/wp\/v2\/product_tag?post=6451"}],"curies":[{"name":"wp","href":"https:\/\/api.w.org\/{rel}","templated":true}]}}